{"id":222963,"date":"2022-12-09T06:54:05","date_gmt":"2022-12-09T05:54:05","guid":{"rendered":"https:\/\/renovation-haute-savoie.fr\/?page_id=222963"},"modified":"2024-06-16T13:17:21","modified_gmt":"2024-06-16T11:17:21","slug":"renovalpes","status":"publish","type":"page","link":"https:\/\/renovation-haute-savoie.fr\/en\/","title":{"rendered":"Home"},"content":{"rendered":"<div class=\"wpb-content-wrapper\"><div class=\"vc_row wpb_row vc_row-fluid\"><div class=\"wpb_column vc_column_container vc_col-sm-12\"><div class=\"vc_column-inner\"><div class=\"wpb_wrapper\"><div class=\"vc_empty_space\"   style=\"height: 64px\"><span class=\"vc_empty_space_inner\"><\/span><\/div><\/div><\/div><\/div><\/div><div class=\"vc_row wpb_row vc_row-fluid\"><div class=\"wpb_column vc_column_container vc_col-sm-12\"><div class=\"vc_column-inner\"><div class=\"wpb_wrapper\">\n\t<div class=\"wpb_text_column wpb_content_element  wpb_animate_when_almost_visible wpb_fadeIn fadeIn\" >\n\t\t<div class=\"wpb_wrapper\">\n\t\t\t<blockquote>\n<p class=\"p1\" style=\"text-align: center; font-size: 24px !important;\"><span style=\"color: #ffffff;\"><em>Renovalpes, la r\u00e9novation en Haute Savoie. Install\u00e9 \u00e0 Saint Gervais les Bains &#8211; Le Fayet, au coeur de la vall\u00e9e de l\u2019Arve, Renov\u2019Alpes propose divers prestations apr\u00e8s les travaux dit de &#8220;gros oeuvre&#8221;.<\/em><\/span><\/p>\n<p class=\"p1\" style=\"text-align: center; font-size: 24px !important;\"><span style=\"color: #ffffff;\"><em>Our skills, acquired through many years of experience, allow us to face the most ambitious projects.<\/em><\/span><\/p>\n<p class=\"p1\" style=\"text-align: center; font-size: 24px !important;\"><span style=\"color: #ffffff;\"><em>Our expertise in the building industry, allows us to offer precise and fast estimates as close as possible to your expectations.<\/em><\/span><\/p>\n<p class=\"p1\" style=\"text-align: center; font-size: 24px !important;\"><span style=\"color: #ffffff;\"><em>Aware of the environmental stakes, we have been able to link quality with the standards in force on this subject.<\/em><\/span><\/p>\n<p>&nbsp;<\/p>\n<p style=\"text-align: center; font-size: 24px !important;\"><span style=\"color: #ffffff;\"><em>Ayhan YARARSOY, Manager R\u00e9nov'Alpes<\/em><\/span><\/p>\n<\/blockquote>\n\n\t\t<\/div>\n\t<\/div>\n<\/div><\/div><\/div><\/div><div class=\"vc_row wpb_row vc_row-fluid\"><div class=\"wpb_column vc_column_container vc_col-sm-12\"><div class=\"vc_column-inner\"><div class=\"wpb_wrapper\"><div class=\"vc_empty_space\"   style=\"height: 64px\"><span class=\"vc_empty_space_inner\"><\/span><\/div><\/div><\/div><\/div><\/div><div class=\"vc_row wpb_row vc_row-fluid\"><div class=\"wpb_animate_when_almost_visible wpb_fadeInUp fadeInUp wpb_column vc_column_container vc_col-sm-12\"><div class=\"vc_column-inner\"><div class=\"wpb_wrapper\"><div id=\"ult-carousel-105093922169ef679587e47\" class=\"ult-carousel-wrapper   ult_horizontal\" data-gutter=\"30\" data-rtl=\"false\" ><div class=\"ult-carousel-52733072669ef679587e10\" ><div class=\"aio-icon-component    style_1\"><a class=\"aio-icon-box-link\" href=\"https:\/\/renovation-haute-savoie.fr\/en\/realisations\/\" title=\"Achievements\" ><div id=\"Info-box-wrap-1694\" class=\"aio-icon-box top-icon\" style=\"\"  ><div class=\"aio-icon-top\"><div class=\"ult-just-icon-wrapper\"><div class=\"align-icon\" style=\"text-align:center;\">\n<div class=\"aio-icon-img\" style=\"font-size:100px;display:inline-block;\" >\n\t<img decoding=\"async\" class=\"img-icon\" alt=\"null\" src=\"https:\/\/renovation-haute-savoie.fr\/wp-content\/uploads\/2022\/12\/plafond.png\"\/>\n<\/div><\/div><\/div><\/div><div class=\"aio-icon-header\" ><h3 class=\"aio-icon-title ult-responsive\"  data-ultimate-target='#Info-box-wrap-1694 .aio-icon-title'  data-responsive-json-new='{\"font-size\":\"desktop:24px;\",\"line-height\":\"\"}'  style=\"font-family:&#039;Barlow Condensed&#039;;font-weight:300;color:#ffffff;\">CEILING<\/h3><\/div> <!-- header --><div class=\"aio-icon-description ult-responsive\"  data-ultimate-target='#Info-box-wrap-1694 .aio-icon-description'  data-responsive-json-new='{\"font-size\":\"desktop:18px;\",\"line-height\":\"\"}'  style=\"font-family:&#039;Barlow Condensed&#039;;font-weight:normal;font-style:normal;color:#ededed;\"><\/p>\n<p style=\"text-align: center;\">in horizontal or sloping plaster<\/p>\n<p style=\"text-align: center;\">suspended ceiling<\/p>\n<p><\/div> <!-- description --><\/div> <!-- aio-icon-box --><\/a><\/div> <!-- aio-icon-component --><div class=\"aio-icon-component    style_1\"><a class=\"aio-icon-box-link\" href=\"https:\/\/renovation-haute-savoie.fr\/en\/realisations\/\" title=\"Achievements\" ><div id=\"Info-box-wrap-9957\" class=\"aio-icon-box top-icon\" style=\"\"  ><div class=\"aio-icon-top\"><div class=\"ult-just-icon-wrapper\"><div class=\"align-icon\" style=\"text-align:center;\">\n<div class=\"aio-icon-img\" style=\"font-size:100px;display:inline-block;\" >\n\t<img decoding=\"async\" class=\"img-icon\" alt=\"null\" src=\"https:\/\/renovation-haute-savoie.fr\/wp-content\/uploads\/2022\/12\/doublage.png\"\/>\n<\/div><\/div><\/div><\/div><div class=\"aio-icon-header\" ><h3 class=\"aio-icon-title ult-responsive\"  data-ultimate-target='#Info-box-wrap-9957 .aio-icon-title'  data-responsive-json-new='{\"font-size\":\"desktop:24px;\",\"line-height\":\"\"}'  style=\"font-family:&#039;Barlow Condensed&#039;;font-weight:300;color:#ffffff;\">LINING<\/h3><\/div> <!-- header --><div class=\"aio-icon-description ult-responsive\"  data-ultimate-target='#Info-box-wrap-9957 .aio-icon-description'  data-responsive-json-new='{\"font-size\":\"desktop:18px;\",\"line-height\":\"\"}'  style=\"font-family:&#039;Barlow Condensed&#039;;color:#ededed;\"><\/p>\n<p style=\"text-align: center;\">metal framed or glued<\/p>\n<p><\/div> <!-- description --><\/div> <!-- aio-icon-box --><\/a><\/div> <!-- aio-icon-component --><div class=\"aio-icon-component    style_1\"><a class=\"aio-icon-box-link\" href=\"https:\/\/renovation-haute-savoie.fr\/en\/realisations\/\" title=\"Achievements\" ><div id=\"Info-box-wrap-9580\" class=\"aio-icon-box top-icon\" style=\"\"  ><div class=\"aio-icon-top\"><div class=\"ult-just-icon-wrapper\"><div class=\"align-icon\" style=\"text-align:center;\">\n<div class=\"aio-icon-img\" style=\"font-size:100px;display:inline-block;\" >\n\t<img decoding=\"async\" class=\"img-icon\" alt=\"null\" src=\"https:\/\/renovation-haute-savoie.fr\/wp-content\/uploads\/2022\/12\/isolation.png\"\/>\n<\/div><\/div><\/div><\/div><div class=\"aio-icon-header\" ><h3 class=\"aio-icon-title ult-responsive\"  data-ultimate-target='#Info-box-wrap-9580 .aio-icon-title'  data-responsive-json-new='{\"font-size\":\"desktop:24px;\",\"line-height\":\"\"}'  style=\"font-family:&#039;Barlow Condensed&#039;;font-weight:300;color:#ffffff;\">INSULATION<\/h3><\/div> <!-- header --><div class=\"aio-icon-description ult-responsive\"  data-ultimate-target='#Info-box-wrap-9580 .aio-icon-description'  data-responsive-json-new='{\"font-size\":\"desktop:18px;\",\"line-height\":\"\"}'  style=\"font-family:&#039;Barlow Condensed&#039;;color:#ededed;\"><\/p>\n<p style=\"text-align: center;\">indoor or outdoor<\/p>\n<p><\/div> <!-- description --><\/div> <!-- aio-icon-box --><\/a><\/div> <!-- aio-icon-component --><div class=\"aio-icon-component    style_1\"><a class=\"aio-icon-box-link\" href=\"https:\/\/renovation-haute-savoie.fr\/en\/realisations\/\" title=\"Achievements\" ><div id=\"Info-box-wrap-6550\" class=\"aio-icon-box top-icon\" style=\"\"  ><div class=\"aio-icon-top\"><div class=\"ult-just-icon-wrapper\"><div class=\"align-icon\" style=\"text-align:center;\">\n<div class=\"aio-icon-img\" style=\"font-size:100px;display:inline-block;\" >\n\t<img decoding=\"async\" class=\"img-icon\" alt=\"null\" src=\"https:\/\/renovation-haute-savoie.fr\/wp-content\/uploads\/2022\/12\/cloison.png\"\/>\n<\/div><\/div><\/div><\/div><div class=\"aio-icon-header\" ><h3 class=\"aio-icon-title ult-responsive\"  data-ultimate-target='#Info-box-wrap-6550 .aio-icon-title'  data-responsive-json-new='{\"font-size\":\"desktop:24px;\",\"line-height\":\"\"}'  style=\"font-family:&#039;Barlow Condensed&#039;;font-weight:300;color:#ffffff;\">PARTITION<\/h3><\/div> <!-- header --><div class=\"aio-icon-description ult-responsive\"  data-ultimate-target='#Info-box-wrap-6550 .aio-icon-description'  data-responsive-json-new='{\"font-size\":\"desktop:18px;\",\"line-height\":\"\"}'  style=\"font-family:&#039;Barlow Condensed&#039;;color:#ededed;\"><\/p>\n<p style=\"text-align: center;\">distribution or acoustic<\/p>\n<p><\/div> <!-- description --><\/div> <!-- aio-icon-box --><\/a><\/div> <!-- aio-icon-component --><div class=\"aio-icon-component    style_1\"><a class=\"aio-icon-box-link\" href=\"https:\/\/renovation-haute-savoie.fr\/en\/realisations\/\" title=\"Achievements\" ><div id=\"Info-box-wrap-7383\" class=\"aio-icon-box top-icon\" style=\"\"  ><div class=\"aio-icon-top\"><div class=\"ult-just-icon-wrapper\"><div class=\"align-icon\" style=\"text-align:center;\">\n<div class=\"aio-icon-img\" style=\"font-size:100px;display:inline-block;\" >\n\t<img decoding=\"async\" class=\"img-icon\" alt=\"null\" src=\"https:\/\/renovation-haute-savoie.fr\/wp-content\/uploads\/2022\/12\/decoration.png\"\/>\n<\/div><\/div><\/div><\/div><div class=\"aio-icon-header\" ><h3 class=\"aio-icon-title ult-responsive\"  data-ultimate-target='#Info-box-wrap-7383 .aio-icon-title'  data-responsive-json-new='{\"font-size\":\"desktop:24px;\",\"line-height\":\"\"}'  style=\"font-family:&#039;Barlow Condensed&#039;;font-weight:300;color:#ffffff;\">DECORATION<\/h3><\/div> <!-- header --><div class=\"aio-icon-description ult-responsive\"  data-ultimate-target='#Info-box-wrap-7383 .aio-icon-description'  data-responsive-json-new='{\"font-size\":\"desktop:18px;\",\"line-height\":\"\"}'  style=\"font-family:&#039;Barlow Condensed&#039;;color:#ededed;\"><\/p>\n<p style=\"text-align: center;\">indoor or outdoor<\/p>\n<p><\/div> <!-- description --><\/div> <!-- aio-icon-box --><\/a><\/div> <!-- aio-icon-component --><div class=\"aio-icon-component    style_1\"><a class=\"aio-icon-box-link\" href=\"https:\/\/renovation-haute-savoie.fr\/en\/realisations\/\" title=\"Achievements\" ><div id=\"Info-box-wrap-1664\" class=\"aio-icon-box top-icon\" style=\"\"  ><div class=\"aio-icon-top\"><div class=\"ult-just-icon-wrapper\"><div class=\"align-icon\" style=\"text-align:center;\">\n<div class=\"aio-icon-img\" style=\"font-size:100px;display:inline-block;\" >\n\t<img decoding=\"async\" class=\"img-icon\" alt=\"null\" src=\"https:\/\/renovation-haute-savoie.fr\/wp-content\/uploads\/2022\/12\/projection2-e1671365443174.png\"\/>\n<\/div><\/div><\/div><\/div><div class=\"aio-icon-header\" ><h3 class=\"aio-icon-title ult-responsive\"  data-ultimate-target='#Info-box-wrap-1664 .aio-icon-title'  data-responsive-json-new='{\"font-size\":\"desktop:24px;\",\"line-height\":\"\"}'  style=\"font-family:&#039;Barlow Condensed&#039;;font-weight:300;color:#ffffff;\">PROJECTION<\/h3><\/div> <!-- header --><div class=\"aio-icon-description ult-responsive\"  data-ultimate-target='#Info-box-wrap-1664 .aio-icon-description'  data-responsive-json-new='{\"font-size\":\"desktop:18px;\",\"line-height\":\"\"}'  style=\"font-family:&#039;Barlow Condensed&#039;;color:#ededed;\">interior (raking, dropping, plaster)<\/p>\n<p>exterior (plaster)<\/div> <!-- description --><\/div> <!-- aio-icon-box --><\/a><\/div> <!-- aio-icon-component --><div class=\"aio-icon-component    style_1\"><a class=\"aio-icon-box-link\" href=\"https:\/\/renovation-haute-savoie.fr\/en\/les-revetements\/\" title=\"The coatings\" ><div id=\"Info-box-wrap-7789\" class=\"aio-icon-box top-icon\" style=\"\"  ><div class=\"aio-icon-top\"><div class=\"ult-just-icon-wrapper\"><div class=\"align-icon\" style=\"text-align:center;\">\n<div class=\"aio-icon-img\" style=\"font-size:100px;display:inline-block;\" >\n\t<img decoding=\"async\" class=\"img-icon\" alt=\"null\" src=\"https:\/\/renovation-haute-savoie.fr\/wp-content\/uploads\/2022\/12\/revetement.png\"\/>\n<\/div><\/div><\/div><\/div><div class=\"aio-icon-header\" ><h3 class=\"aio-icon-title ult-responsive\"  data-ultimate-target='#Info-box-wrap-7789 .aio-icon-title'  data-responsive-json-new='{\"font-size\":\"desktop:24px;\",\"line-height\":\"\"}'  style=\"font-family:&#039;Barlow Condensed&#039;;font-weight:300;color:#ffffff;\">COVERING<\/h3><\/div> <!-- header --><div class=\"aio-icon-description ult-responsive\"  data-ultimate-target='#Info-box-wrap-7789 .aio-icon-description'  data-responsive-json-new='{\"font-size\":\"desktop:18px;\",\"line-height\":\"\"}'  style=\"font-family:&#039;Barlow Condensed&#039;;color:#ededed;\"><a style=\"color: white;\" href=\"https:\/\/renovation-haute-savoie.fr\/en\/decoration\/pourquoi-choisir-un-enduit-decoratif\/\">in paint or decorative coating<\/a><\/p>\n<p><span style=\"color: #ffffff;\">in<\/span> <a style=\"color: white;\" href=\"https:\/\/renovation-haute-savoie.fr\/en\/les-types-de-papier-peint\/\">wallpaper<\/a> <span style=\"color: #ffffff;\">or fabric<\/span><\/p>\n<p><span style=\"color: #ffffff;\">ground marking (PMR)<\/span><\/div> <!-- description --><\/div> <!-- aio-icon-box --><\/a><\/div> <!-- aio-icon-component --><\/div><\/div>\t\t\t<script type=\"text\/javascript\">\n\t\t\t\tjQuery(document).ready(function ($) {\n\t\t\t\t\tif( typeof jQuery('.ult-carousel-52733072669ef679587e10').slick == \"function\"){\n\t\t\t\t\t\t$('.ult-carousel-52733072669ef679587e10').slick({dots: false,autoplay: true,autoplaySpeed: \"5000\",speed: \"600\",infinite: true,arrows: true,nextArrow: '<button type=\"button\" role=\"button\" aria-label=\"Next\" style=\"color:#ffffff; font-size:60px;\" class=\"slick-next default\"><i class=\"ultsl-arrow-right4\"><\/i><\/button>',prevArrow: '<button type=\"button\" role=\"button\" aria-label=\"Previous\" style=\"color:#ffffff; font-size:60px;\" class=\"slick-prev default\"><i class=\"ultsl-arrow-left4\"><\/i><\/button>',slidesToScroll:3,slidesToShow:3,swipe: true,draggable: true,touchMove: true,pauseOnHover: true,pauseOnFocus: false,responsive: [\n\t\t\t\t\t\t\t{\n\t\t\t\t\t\t\t  breakpoint: 1026,\n\t\t\t\t\t\t\t  settings: {\n\t\t\t\t\t\t\t\tslidesToShow: 3,\n\t\t\t\t\t\t\t\tslidesToScroll: 3,  \n\t\t\t\t\t\t\t  }\n\t\t\t\t\t\t\t},\n\t\t\t\t\t\t\t{\n\t\t\t\t\t\t\t  breakpoint: 1025,\n\t\t\t\t\t\t\t  settings: {\n\t\t\t\t\t\t\t\tslidesToShow: 2,\n\t\t\t\t\t\t\t\tslidesToScroll: 2\n\t\t\t\t\t\t\t  }\n\t\t\t\t\t\t\t},\n\t\t\t\t\t\t\t{\n\t\t\t\t\t\t\t  breakpoint: 760,\n\t\t\t\t\t\t\t  settings: {\n\t\t\t\t\t\t\t\tslidesToShow: 1,\n\t\t\t\t\t\t\t\tslidesToScroll: 1\n\t\t\t\t\t\t\t  }\n\t\t\t\t\t\t\t}\n\t\t\t\t\t\t],pauseOnDotsHover: true,customPaging: function(slider, i) {\n                   return '<i type=\"button\" style= \"color:#333333;\" class=\"ultsl-record\" data-role=\"none\"><\/i>';\n                },});\n\t\t\t\t\t}\n\t\t\t\t});\n\t\t\t<\/script>\n\t\t\t<\/div><\/div><\/div><\/div>\n<\/div>","protected":false},"excerpt":{"rendered":"<p>Renovalpes, la r\u00e9novation en Haute Savoie. Install\u00e9 \u00e0 Saint Gervais [&#8230;]<\/p>","protected":false},"author":1,"featured_media":223009,"parent":0,"menu_order":0,"comment_status":"closed","ping_status":"closed","template":"template-home.php","meta":{"footnotes":""},"yoast_head":"<!-- This site is optimized with the Yoast SEO plugin v22.3 - https:\/\/yoast.com\/wordpress\/plugins\/seo\/ -->\n<title>Renovalpes<\/title>\n<meta name=\"description\" content=\"Bienvenue sur le site de R\u00e9nov&#039;Alpes, la R\u00e9novation en Haute Savoie. Entreprise situ\u00e9 au pays du Mont Blanc \u00e0 St Gervais Le Fayet (74)\" \/>\n<meta name=\"robots\" content=\"index, follow, max-snippet:-1, max-image-preview:large, max-video-preview:-1\" \/>\n<link rel=\"canonical\" href=\"https:\/\/renovation-haute-savoie.fr\/en\/\" \/>\n<meta property=\"og:locale\" content=\"en_US\" \/>\n<meta property=\"og:type\" content=\"article\" \/>\n<meta property=\"og:title\" content=\"Renovalpes\" \/>\n<meta property=\"og:description\" content=\"Bienvenue sur le site de R\u00e9nov&#039;Alpes, la R\u00e9novation en Haute Savoie. Entreprise situ\u00e9 au pays du Mont Blanc \u00e0 St Gervais Le Fayet (74)\" \/>\n<meta property=\"og:url\" content=\"https:\/\/renovation-haute-savoie.fr\/en\/\" \/>\n<meta property=\"og:site_name\" content=\"Renovation en Haute Savoie\" \/>\n<meta property=\"article:publisher\" content=\"https:\/\/www.facebook.com\/Renov.Alpes.SARL\" \/>\n<meta property=\"article:modified_time\" content=\"2024-06-16T11:17:21+00:00\" \/>\n<meta property=\"og:image\" content=\"https:\/\/renovation-haute-savoie.fr\/wp-content\/uploads\/2022\/12\/logo_renovalpes_noir.png\" \/>\n\t<meta property=\"og:image:width\" content=\"2400\" \/>\n\t<meta property=\"og:image:height\" content=\"1146\" \/>\n\t<meta property=\"og:image:type\" content=\"image\/png\" \/>\n<meta name=\"twitter:card\" content=\"summary_large_image\" \/>\n<meta name=\"twitter:label1\" content=\"Est. reading time\" \/>\n\t<meta name=\"twitter:data1\" content=\"2 minutes\" \/>\n<script type=\"application\/ld+json\" class=\"yoast-schema-graph\">{\"@context\":\"https:\/\/schema.org\",\"@graph\":[{\"@type\":\"WebPage\",\"@id\":\"https:\/\/renovation-haute-savoie.fr\/\",\"url\":\"https:\/\/renovation-haute-savoie.fr\/\",\"name\":\"Renovalpes\",\"isPartOf\":{\"@id\":\"https:\/\/renovation-haute-savoie.fr\/#website\"},\"primaryImageOfPage\":{\"@id\":\"https:\/\/renovation-haute-savoie.fr\/#primaryimage\"},\"image\":{\"@id\":\"https:\/\/renovation-haute-savoie.fr\/#primaryimage\"},\"thumbnailUrl\":\"https:\/\/renovation-haute-savoie.fr\/wp-content\/uploads\/2022\/12\/logo_renovalpes_noir.png\",\"datePublished\":\"2022-12-09T05:54:05+00:00\",\"dateModified\":\"2024-06-16T11:17:21+00:00\",\"description\":\"Bienvenue sur le site de R\u00e9nov'Alpes, la R\u00e9novation en Haute Savoie. Entreprise situ\u00e9 au pays du Mont Blanc \u00e0 St Gervais Le Fayet (74)\",\"breadcrumb\":{\"@id\":\"https:\/\/renovation-haute-savoie.fr\/#breadcrumb\"},\"inLanguage\":\"en-US\",\"potentialAction\":[{\"@type\":\"ReadAction\",\"target\":[\"https:\/\/renovation-haute-savoie.fr\/\"]}]},{\"@type\":\"ImageObject\",\"inLanguage\":\"en-US\",\"@id\":\"https:\/\/renovation-haute-savoie.fr\/#primaryimage\",\"url\":\"https:\/\/renovation-haute-savoie.fr\/wp-content\/uploads\/2022\/12\/logo_renovalpes_noir.png\",\"contentUrl\":\"https:\/\/renovation-haute-savoie.fr\/wp-content\/uploads\/2022\/12\/logo_renovalpes_noir.png\",\"width\":2400,\"height\":1146,\"caption\":\"logo-batiment-renovalpes-noir\"},{\"@type\":\"BreadcrumbList\",\"@id\":\"https:\/\/renovation-haute-savoie.fr\/#breadcrumb\",\"itemListElement\":[{\"@type\":\"ListItem\",\"position\":1,\"name\":\"Accueil\",\"item\":\"https:\/\/renovation-haute-savoie.fr\/\"},{\"@type\":\"ListItem\",\"position\":2,\"name\":\"Accueil\"}]},{\"@type\":\"WebSite\",\"@id\":\"https:\/\/renovation-haute-savoie.fr\/#website\",\"url\":\"https:\/\/renovation-haute-savoie.fr\/\",\"name\":\"Renovation en Haute Savoie\",\"description\":\"Renovalpes\",\"publisher\":{\"@id\":\"https:\/\/renovation-haute-savoie.fr\/#organization\"},\"alternateName\":\"Renovalpes\",\"potentialAction\":[{\"@type\":\"SearchAction\",\"target\":{\"@type\":\"EntryPoint\",\"urlTemplate\":\"https:\/\/renovation-haute-savoie.fr\/?s={search_term_string}\"},\"query-input\":\"required name=search_term_string\"}],\"inLanguage\":\"en-US\"},{\"@type\":\"Organization\",\"@id\":\"https:\/\/renovation-haute-savoie.fr\/#organization\",\"name\":\"Renovation en Haute Savoie\",\"alternateName\":\"Renov'Alpes\",\"url\":\"https:\/\/renovation-haute-savoie.fr\/\",\"logo\":{\"@type\":\"ImageObject\",\"inLanguage\":\"en-US\",\"@id\":\"https:\/\/renovation-haute-savoie.fr\/#\/schema\/logo\/image\/\",\"url\":\"https:\/\/renovation-haute-savoie.fr\/wp-content\/uploads\/2022\/12\/logo_renovalpes_texte.png\",\"contentUrl\":\"https:\/\/renovation-haute-savoie.fr\/wp-content\/uploads\/2022\/12\/logo_renovalpes_texte.png\",\"width\":2594,\"height\":1909,\"caption\":\"Renovation en Haute Savoie\"},\"image\":{\"@id\":\"https:\/\/renovation-haute-savoie.fr\/#\/schema\/logo\/image\/\"},\"sameAs\":[\"https:\/\/www.facebook.com\/Renov.Alpes.SARL\"]}]}<\/script>\n<!-- \/ Yoast SEO plugin. -->","yoast_head_json":{"title":"Renovalpes","description":"Bienvenue sur le site de R\u00e9nov'Alpes, la R\u00e9novation en Haute Savoie. Entreprise situ\u00e9 au pays du Mont Blanc \u00e0 St Gervais Le Fayet (74)","robots":{"index":"index","follow":"follow","max-snippet":"max-snippet:-1","max-image-preview":"max-image-preview:large","max-video-preview":"max-video-preview:-1"},"canonical":"https:\/\/renovation-haute-savoie.fr\/en\/","og_locale":"en_US","og_type":"article","og_title":"Renovalpes","og_description":"Bienvenue sur le site de R\u00e9nov'Alpes, la R\u00e9novation en Haute Savoie. Entreprise situ\u00e9 au pays du Mont Blanc \u00e0 St Gervais Le Fayet (74)","og_url":"https:\/\/renovation-haute-savoie.fr\/en\/","og_site_name":"Renovation en Haute Savoie","article_publisher":"https:\/\/www.facebook.com\/Renov.Alpes.SARL","article_modified_time":"2024-06-16T11:17:21+00:00","og_image":[{"width":2400,"height":1146,"url":"https:\/\/renovation-haute-savoie.fr\/wp-content\/uploads\/2022\/12\/logo_renovalpes_noir.png","type":"image\/png"}],"twitter_card":"summary_large_image","twitter_misc":{"Est. reading time":"2 minutes"},"schema":{"@context":"https:\/\/schema.org","@graph":[{"@type":"WebPage","@id":"https:\/\/renovation-haute-savoie.fr\/","url":"https:\/\/renovation-haute-savoie.fr\/","name":"Renovalpes","isPartOf":{"@id":"https:\/\/renovation-haute-savoie.fr\/#website"},"primaryImageOfPage":{"@id":"https:\/\/renovation-haute-savoie.fr\/#primaryimage"},"image":{"@id":"https:\/\/renovation-haute-savoie.fr\/#primaryimage"},"thumbnailUrl":"https:\/\/renovation-haute-savoie.fr\/wp-content\/uploads\/2022\/12\/logo_renovalpes_noir.png","datePublished":"2022-12-09T05:54:05+00:00","dateModified":"2024-06-16T11:17:21+00:00","description":"Bienvenue sur le site de R\u00e9nov'Alpes, la R\u00e9novation en Haute Savoie. Entreprise situ\u00e9 au pays du Mont Blanc \u00e0 St Gervais Le Fayet (74)","breadcrumb":{"@id":"https:\/\/renovation-haute-savoie.fr\/#breadcrumb"},"inLanguage":"en-US","potentialAction":[{"@type":"ReadAction","target":["https:\/\/renovation-haute-savoie.fr\/"]}]},{"@type":"ImageObject","inLanguage":"en-US","@id":"https:\/\/renovation-haute-savoie.fr\/#primaryimage","url":"https:\/\/renovation-haute-savoie.fr\/wp-content\/uploads\/2022\/12\/logo_renovalpes_noir.png","contentUrl":"https:\/\/renovation-haute-savoie.fr\/wp-content\/uploads\/2022\/12\/logo_renovalpes_noir.png","width":2400,"height":1146,"caption":"logo-batiment-renovalpes-noir"},{"@type":"BreadcrumbList","@id":"https:\/\/renovation-haute-savoie.fr\/#breadcrumb","itemListElement":[{"@type":"ListItem","position":1,"name":"Accueil","item":"https:\/\/renovation-haute-savoie.fr\/"},{"@type":"ListItem","position":2,"name":"Accueil"}]},{"@type":"WebSite","@id":"https:\/\/renovation-haute-savoie.fr\/#website","url":"https:\/\/renovation-haute-savoie.fr\/","name":"Renovation en Haute Savoie","description":"Renovalpes","publisher":{"@id":"https:\/\/renovation-haute-savoie.fr\/#organization"},"alternateName":"Renovalpes","potentialAction":[{"@type":"SearchAction","target":{"@type":"EntryPoint","urlTemplate":"https:\/\/renovation-haute-savoie.fr\/?s={search_term_string}"},"query-input":"required name=search_term_string"}],"inLanguage":"en-US"},{"@type":"Organization","@id":"https:\/\/renovation-haute-savoie.fr\/#organization","name":"Renovation en Haute Savoie","alternateName":"Renov'Alpes","url":"https:\/\/renovation-haute-savoie.fr\/","logo":{"@type":"ImageObject","inLanguage":"en-US","@id":"https:\/\/renovation-haute-savoie.fr\/#\/schema\/logo\/image\/","url":"https:\/\/renovation-haute-savoie.fr\/wp-content\/uploads\/2022\/12\/logo_renovalpes_texte.png","contentUrl":"https:\/\/renovation-haute-savoie.fr\/wp-content\/uploads\/2022\/12\/logo_renovalpes_texte.png","width":2594,"height":1909,"caption":"Renovation en Haute Savoie"},"image":{"@id":"https:\/\/renovation-haute-savoie.fr\/#\/schema\/logo\/image\/"},"sameAs":["https:\/\/www.facebook.com\/Renov.Alpes.SARL"]}]}},"_links":{"self":[{"href":"https:\/\/renovation-haute-savoie.fr\/en\/wp-json\/wp\/v2\/pages\/222963"}],"collection":[{"href":"https:\/\/renovation-haute-savoie.fr\/en\/wp-json\/wp\/v2\/pages"}],"about":[{"href":"https:\/\/renovation-haute-savoie.fr\/en\/wp-json\/wp\/v2\/types\/page"}],"author":[{"embeddable":true,"href":"https:\/\/renovation-haute-savoie.fr\/en\/wp-json\/wp\/v2\/users\/1"}],"replies":[{"embeddable":true,"href":"https:\/\/renovation-haute-savoie.fr\/en\/wp-json\/wp\/v2\/comments?post=222963"}],"version-history":[{"count":71,"href":"https:\/\/renovation-haute-savoie.fr\/en\/wp-json\/wp\/v2\/pages\/222963\/revisions"}],"predecessor-version":[{"id":223558,"href":"https:\/\/renovation-haute-savoie.fr\/en\/wp-json\/wp\/v2\/pages\/222963\/revisions\/223558"}],"wp:featuredmedia":[{"embeddable":true,"href":"https:\/\/renovation-haute-savoie.fr\/en\/wp-json\/wp\/v2\/media\/223009"}],"wp:attachment":[{"href":"https:\/\/renovation-haute-savoie.fr\/en\/wp-json\/wp\/v2\/media?parent=222963"}],"curies":[{"name":"wp","href":"https:\/\/api.w.org\/{rel}","templated":true}]}}