{"id":223354,"date":"2022-12-19T15:51:51","date_gmt":"2022-12-19T14:51:51","guid":{"rendered":"https:\/\/renovation-haute-savoie.fr\/?page_id=223354"},"modified":"2023-01-08T08:34:41","modified_gmt":"2023-01-08T07:34:41","slug":"les-types-de-papier-peint","status":"publish","type":"page","link":"https:\/\/renovation-haute-savoie.fr\/en\/les-types-de-papier-peint\/","title":{"rendered":"Types of wallpaper"},"content":{"rendered":"<div class=\"wpb-content-wrapper\"><div class=\"vc_row wpb_row vc_row-fluid\"><div class=\"wpb_column vc_column_container vc_col-sm-12\"><div class=\"vc_column-inner\"><div class=\"wpb_wrapper\"><div class=\"vc_empty_space\"   style=\"height: 64px\"><span class=\"vc_empty_space_inner\"><\/span><\/div><\/div><\/div><\/div><\/div><div class=\"vc_row wpb_row vc_row-fluid\"><div class=\"wpb_column vc_column_container vc_col-sm-8\"><div class=\"vc_column-inner\"><div class=\"wpb_wrapper\"><div class=\"vc_empty_space\"   style=\"height: 72px\"><span class=\"vc_empty_space_inner\"><\/span><\/div>\n\t<div class=\"wpb_text_column wpb_content_element  wpb_animate_when_almost_visible wpb_fadeIn fadeIn\" >\n\t\t<div class=\"wpb_wrapper\">\n\t\t\t<p style=\"text-align: right;\"><span style=\"color: #ffffff;\">The types of wallpaper stick to us! Printed, embossed, plain, the wallpaper allows itself all the fantasies. In just a few seasons, it has become a decorating must-have, enhancing a living room as well as a bedroom or a bathroom. Over the years, the composition of wallpaper has changed to meet our needs and our lifestyle. Gone are the days of glue-covered strips that would tear at the slightest movement. Nowadays, wallpaper can be washed, repositioned, pre-pasted, adhesive or even magnetic and can be used in any room of the house. <\/span><\/p>\n\n\t\t<\/div>\n\t<\/div>\n<\/div><\/div><\/div><div class=\"wpb_column vc_column_container vc_col-sm-4\"><div class=\"vc_column-inner\"><div class=\"wpb_wrapper\">\n<div class=\"vc_grid-container-wrapper vc_clearfix vc_grid-animation-fadeIn\">\n\t<div class=\"vc_grid-container vc_clearfix wpb_content_element vc_masonry_media_grid vc_custom_1671462571541\" data-initial-loading-animation=\"fadeIn\" data-vc-grid-settings=\"{&quot;page_id&quot;:223354,&quot;style&quot;:&quot;all-masonry&quot;,&quot;action&quot;:&quot;vc_get_vc_grid_data&quot;,&quot;shortcode_id&quot;:&quot;1673163123577-16f9effc-6f8e-5&quot;,&quot;tag&quot;:&quot;vc_masonry_media_grid&quot;}\" data-vc-request=\"https:\/\/renovation-haute-savoie.fr\/wp-admin\/admin-ajax.php\" data-vc-post-id=\"223354\" data-vc-public-nonce=\"895b03d1a4\">\n\t\t\n\t<\/div>\n<\/div><\/div><\/div><\/div><\/div><div class=\"vc_row wpb_row vc_row-fluid\"><div class=\"wpb_column vc_column_container vc_col-sm-12\"><div class=\"vc_column-inner\"><div class=\"wpb_wrapper\"><div class=\"vc_empty_space\"   style=\"height: 72px\"><span class=\"vc_empty_space_inner\"><\/span><\/div><\/div><\/div><\/div><\/div><div class=\"vc_row wpb_row vc_row-fluid\"><div class=\"wpb_column vc_column_container vc_col-sm-12\"><div class=\"vc_column-inner\"><div class=\"wpb_wrapper\"><h4 style=\"font-size: 48px;color: #ffffff;text-align: left\" class=\"vc_custom_heading wpb_animate_when_almost_visible wpb_fadeIn fadeIn\" >THE CLASSIC WALLPAPER<\/h4>\n\t<div class=\"wpb_text_column wpb_content_element  wpb_animate_when_almost_visible wpb_fadeIn fadeIn\" >\n\t\t<div class=\"wpb_wrapper\">\n\t\t\t<p><span style=\"color: #ffffff;\">Among the different types of wallpaper, we find the traditional wallpaper and, certainly, the most economical but also the most fragile. Composed of sheets of paper, it does not stand up well to busy rooms like the living room and even less to the humidity of a bathroom. <\/span><\/p>\n\n\t\t<\/div>\n\t<\/div>\n<\/div><\/div><\/div><\/div><div class=\"vc_row wpb_row vc_row-fluid\"><div class=\"wpb_column vc_column_container vc_col-sm-12\"><div class=\"vc_column-inner\"><div class=\"wpb_wrapper\"><div class=\"vc_empty_space\"   style=\"height: 64px\"><span class=\"vc_empty_space_inner\"><\/span><\/div><\/div><\/div><\/div><\/div><div class=\"vc_row wpb_row vc_row-fluid\"><div class=\"wpb_column vc_column_container vc_col-sm-6\"><div class=\"vc_column-inner\"><div class=\"wpb_wrapper\">\n<div class=\"vc_grid-container-wrapper vc_clearfix vc_grid-animation-fadeIn\">\n\t<div class=\"vc_grid-container vc_clearfix wpb_content_element vc_masonry_media_grid vc_custom_1671462669336\" data-initial-loading-animation=\"fadeIn\" data-vc-grid-settings=\"{&quot;page_id&quot;:223354,&quot;style&quot;:&quot;all-masonry&quot;,&quot;action&quot;:&quot;vc_get_vc_grid_data&quot;,&quot;shortcode_id&quot;:&quot;1673163123582-c12ea43f-0e86-10&quot;,&quot;tag&quot;:&quot;vc_masonry_media_grid&quot;}\" data-vc-request=\"https:\/\/renovation-haute-savoie.fr\/wp-admin\/admin-ajax.php\" data-vc-post-id=\"223354\" data-vc-public-nonce=\"895b03d1a4\">\n\t\t\n\t<\/div>\n<\/div><\/div><\/div><\/div><div class=\"wpb_column vc_column_container vc_col-sm-6\"><div class=\"vc_column-inner\"><div class=\"wpb_wrapper\"><div class=\"vc_empty_space\"   style=\"height: 72px\"><span class=\"vc_empty_space_inner\"><\/span><\/div><h4 style=\"font-size: 48px;color: #ffffff;text-align: left\" class=\"vc_custom_heading wpb_animate_when_almost_visible wpb_fadeIn fadeIn\" >INTISSE WALLPAPER<\/h4>\n\t<div class=\"wpb_text_column wpb_content_element  wpb_animate_when_almost_visible wpb_fadeIn fadeIn\" >\n\t\t<div class=\"wpb_wrapper\">\n\t\t\t<p style=\"text-align: left;\"><span style=\"color: #ffffff;\">The non-woven wallpaper is a wall covering made of polyester fibers, cellulose arranged in a sheet, covered with a layer of vinyl. Its thickness, thus its solidity and its weight (weight of the paper to the m\u00b2) are intended for the damaged walls, even irregular. The more its weight is important, the more it hides the imperfections of the support. Compatible with wet rooms: waterproof and washable, it can be installed in the bathroom and other wet rooms.<\/span><\/p>\n\n\t\t<\/div>\n\t<\/div>\n<\/div><\/div><\/div><\/div><div class=\"vc_row wpb_row vc_row-fluid\"><div class=\"wpb_column vc_column_container vc_col-sm-12\"><div class=\"vc_column-inner\"><div class=\"wpb_wrapper\"><div class=\"vc_empty_space\"   style=\"height: 64px\"><span class=\"vc_empty_space_inner\"><\/span><\/div><\/div><\/div><\/div><\/div><div class=\"vc_row wpb_row vc_row-fluid\"><div class=\"wpb_column vc_column_container vc_col-sm-12\"><div class=\"vc_column-inner\"><div class=\"wpb_wrapper\"><h4 style=\"font-size: 48px;color: #ffffff;text-align: left\" class=\"vc_custom_heading wpb_animate_when_almost_visible wpb_fadeIn fadeIn\" >THE WALLPAPER TO PAINT<\/h4>\n\t<div class=\"wpb_text_column wpb_content_element  wpb_animate_when_almost_visible wpb_fadeIn fadeIn\" >\n\t\t<div class=\"wpb_wrapper\">\n\t\t\t<p style=\"text-align: left;\"><span style=\"color: #ffffff;\">If your walls have cracks, holes or are poorly coated, the best option is to use paintable wallpaper. Ideal for renovations, this high-coverage material is thicker and therefore more resistant than traditional or non-woven paper. It gives a second life to damaged walls, whether you choose a perfectly smooth or patterned roll. And when it comes to color, it's up to you to choose the paint that will dress up this paper. <\/span><\/p>\n\n\t\t<\/div>\n\t<\/div>\n<\/div><\/div><\/div><\/div><div class=\"vc_row wpb_row vc_row-fluid\"><div class=\"wpb_column vc_column_container vc_col-sm-12\"><div class=\"vc_column-inner\"><div class=\"wpb_wrapper\"><div class=\"vc_empty_space\"   style=\"height: 64px\"><span class=\"vc_empty_space_inner\"><\/span><\/div><\/div><\/div><\/div><\/div><div class=\"vc_row wpb_row vc_row-fluid\"><div class=\"wpb_column vc_column_container vc_col-sm-12\"><div class=\"vc_column-inner\"><div class=\"wpb_wrapper\"><h4 style=\"font-size: 48px;color: #ffffff;text-align: left\" class=\"vc_custom_heading wpb_animate_when_almost_visible wpb_fadeIn fadeIn\" >VINYL WALLPAPER<\/h4>\n\t<div class=\"wpb_text_column wpb_content_element  wpb_animate_when_almost_visible wpb_fadeIn fadeIn\" >\n\t\t<div class=\"wpb_wrapper\">\n\t\t\t<p style=\"text-align: left;\"><span style=\"color: #ffffff;\">On the floor as well as on the walls, vinyl is very popular! It is composed of a paper or non-woven back, with a face always covered with a slightly foamy layer of PVC. If you are looking for resistance or coverage, choose a grained vinyl. Very dense, it can withstand the knocks of a door in a hallway or the rubbing of a dining room chair. For a vinyl paper with details and relief, it is better to turn to the expanded.<\/span><\/p>\n\n\t\t<\/div>\n\t<\/div>\n<\/div><\/div><\/div><\/div><div class=\"vc_row wpb_row vc_row-fluid\"><div class=\"wpb_column vc_column_container vc_col-sm-12\"><div class=\"vc_column-inner\"><div class=\"wpb_wrapper\"><div class=\"vc_empty_space\"   style=\"height: 64px\"><span class=\"vc_empty_space_inner\"><\/span><\/div><\/div><\/div><\/div><\/div><div class=\"vc_row wpb_row vc_row-fluid\"><div class=\"wpb_column vc_column_container vc_col-sm-6\"><div class=\"vc_column-inner\"><div class=\"wpb_wrapper\">\n<div class=\"vc_grid-container-wrapper vc_clearfix vc_grid-animation-fadeIn\">\n\t<div class=\"vc_grid-container vc_clearfix wpb_content_element vc_masonry_media_grid vc_custom_1671462683759\" data-initial-loading-animation=\"fadeIn\" data-vc-grid-settings=\"{&quot;page_id&quot;:223354,&quot;style&quot;:&quot;all-masonry&quot;,&quot;action&quot;:&quot;vc_get_vc_grid_data&quot;,&quot;shortcode_id&quot;:&quot;1673163123587-78773147-75cf-2&quot;,&quot;tag&quot;:&quot;vc_masonry_media_grid&quot;}\" data-vc-request=\"https:\/\/renovation-haute-savoie.fr\/wp-admin\/admin-ajax.php\" data-vc-post-id=\"223354\" data-vc-public-nonce=\"895b03d1a4\">\n\t\t\n\t<\/div>\n<\/div><\/div><\/div><\/div><div class=\"wpb_column vc_column_container vc_col-sm-6\"><div class=\"vc_column-inner\"><div class=\"wpb_wrapper\"><div class=\"vc_empty_space\"   style=\"height: 72px\"><span class=\"vc_empty_space_inner\"><\/span><\/div><h4 style=\"font-size: 48px;color: #ffffff;text-align: left\" class=\"vc_custom_heading wpb_animate_when_almost_visible wpb_fadeIn fadeIn\" >WASHABLE WALLPAPER<\/h4>\n\t<div class=\"wpb_text_column wpb_content_element  wpb_animate_when_almost_visible wpb_fadeIn fadeIn\" >\n\t\t<div class=\"wpb_wrapper\">\n\t\t\t<p style=\"text-align: left;\"><span style=\"color: #ffffff;\">Dare to use wallpaper in the bathroom or children's room, with washable wallpaper you no longer have to worry about small stains or moisture. The washable papers are composed of a layer of non-woven or thick vinyl. Soapy water or a very mild detergent is all that is needed to remove a few unwanted marks. Beware, the washable wallpaper - as innovative as it is - has its limits: do not scrub with a hard brush or you risk damaging the paper.<\/span><\/p>\n\n\t\t<\/div>\n\t<\/div>\n<\/div><\/div><\/div><\/div><div class=\"vc_row wpb_row vc_row-fluid\"><div class=\"wpb_column vc_column_container vc_col-sm-12\"><div class=\"vc_column-inner\"><div class=\"wpb_wrapper\"><div class=\"vc_empty_space\"   style=\"height: 64px\"><span class=\"vc_empty_space_inner\"><\/span><\/div>\n\t<div class=\"wpb_text_column wpb_content_element\" >\n\t\t<div class=\"wpb_wrapper\">\n\t\t\t<p><a style=\"color: #ffffff;\" href=\"https:\/\/renovation-haute-savoie.fr\/en\/contact-renovalpes\/\"><span id=\"p5\">Int\u00e9ress\u00e9 ?<\/span><span id=\"p6\">\u00a0Demander nous un devis.<\/span><\/a><\/p>\n\n\t\t<\/div>\n\t<\/div>\n<div class=\"vc_empty_space\"   style=\"height: 64px\"><span class=\"vc_empty_space_inner\"><\/span><\/div><\/div><\/div><\/div><\/div><div class=\"vc_row wpb_row vc_row-fluid\"><div class=\"wpb_column vc_column_container vc_col-sm-12\"><div class=\"vc_column-inner\"><div class=\"wpb_wrapper\">\n<div class=\"vc_grid-container-wrapper vc_clearfix vc_grid-animation-fadeIn\">\n\t<div class=\"vc_grid-container vc_clearfix wpb_content_element vc_masonry_grid\" data-initial-loading-animation=\"fadeIn\" data-vc-grid-settings=\"{&quot;page_id&quot;:223354,&quot;style&quot;:&quot;all-masonry&quot;,&quot;action&quot;:&quot;vc_get_vc_grid_data&quot;,&quot;shortcode_id&quot;:&quot;1673163123590-3c23832f-122c-4&quot;,&quot;tag&quot;:&quot;vc_masonry_grid&quot;}\" data-vc-request=\"https:\/\/renovation-haute-savoie.fr\/wp-admin\/admin-ajax.php\" data-vc-post-id=\"223354\" data-vc-public-nonce=\"895b03d1a4\">\n\t\t\n\t<\/div>\n<\/div><\/div><\/div><\/div><\/div><div class=\"vc_row wpb_row vc_row-fluid\"><div class=\"wpb_column vc_column_container vc_col-sm-12\"><div class=\"vc_column-inner\"><div class=\"wpb_wrapper\"><div class=\"vc_empty_space\"   style=\"height: 64px\"><span class=\"vc_empty_space_inner\"><\/span><\/div><\/div><\/div><\/div><\/div>\n<\/div>","protected":false},"excerpt":{"rendered":"<p>\t\t\tLes types de papier peint nous colle \u00e0 la peau [&#8230;]<\/p>","protected":false},"author":1,"featured_media":223357,"parent":0,"menu_order":0,"comment_status":"closed","ping_status":"closed","template":"page.php","meta":{"footnotes":""},"yoast_head":"<!-- This site is optimized with the Yoast SEO plugin v22.3 - https:\/\/yoast.com\/wordpress\/plugins\/seo\/ -->\n<title>type de papier peint<\/title>\n<meta name=\"description\" content=\"D\u00e9couvrez les types de papier peint adapt\u00e9 \u00e0 votre projet. R\u00e9no&#039;valpes, la r\u00e9novation en haute Savoie, vous conseille dans votre choix\" \/>\n<meta name=\"robots\" content=\"index, follow, max-snippet:-1, max-image-preview:large, max-video-preview:-1\" \/>\n<link rel=\"canonical\" href=\"https:\/\/renovation-haute-savoie.fr\/en\/les-types-de-papier-peint\/\" \/>\n<meta property=\"og:locale\" content=\"en_US\" \/>\n<meta property=\"og:type\" content=\"article\" \/>\n<meta property=\"og:title\" content=\"type de papier peint\" \/>\n<meta property=\"og:description\" content=\"D\u00e9couvrez les types de papier peint adapt\u00e9 \u00e0 votre projet. R\u00e9no&#039;valpes, la r\u00e9novation en haute Savoie, vous conseille dans votre choix\" \/>\n<meta property=\"og:url\" content=\"https:\/\/renovation-haute-savoie.fr\/en\/les-types-de-papier-peint\/\" \/>\n<meta property=\"og:site_name\" content=\"Renovation en Haute Savoie\" \/>\n<meta property=\"article:publisher\" content=\"https:\/\/www.facebook.com\/Renov.Alpes.SARL\" \/>\n<meta property=\"article:modified_time\" content=\"2023-01-08T07:34:41+00:00\" \/>\n<meta property=\"og:image\" content=\"https:\/\/renovation-haute-savoie.fr\/wp-content\/uploads\/2022\/12\/papier-peint-nature.jpg\" \/>\n\t<meta property=\"og:image:width\" content=\"1200\" \/>\n\t<meta property=\"og:image:height\" content=\"1200\" \/>\n\t<meta property=\"og:image:type\" content=\"image\/jpeg\" \/>\n<meta name=\"twitter:card\" content=\"summary_large_image\" \/>\n<meta name=\"twitter:label1\" content=\"Est. reading time\" \/>\n\t<meta name=\"twitter:data1\" content=\"3 minutes\" \/>\n<script type=\"application\/ld+json\" class=\"yoast-schema-graph\">{\"@context\":\"https:\/\/schema.org\",\"@graph\":[{\"@type\":\"WebPage\",\"@id\":\"https:\/\/renovation-haute-savoie.fr\/les-types-de-papier-peint\/\",\"url\":\"https:\/\/renovation-haute-savoie.fr\/les-types-de-papier-peint\/\",\"name\":\"type de papier peint\",\"isPartOf\":{\"@id\":\"https:\/\/renovation-haute-savoie.fr\/#website\"},\"primaryImageOfPage\":{\"@id\":\"https:\/\/renovation-haute-savoie.fr\/les-types-de-papier-peint\/#primaryimage\"},\"image\":{\"@id\":\"https:\/\/renovation-haute-savoie.fr\/les-types-de-papier-peint\/#primaryimage\"},\"thumbnailUrl\":\"https:\/\/renovation-haute-savoie.fr\/wp-content\/uploads\/2022\/12\/papier-peint-nature.jpg\",\"datePublished\":\"2022-12-19T14:51:51+00:00\",\"dateModified\":\"2023-01-08T07:34:41+00:00\",\"description\":\"D\u00e9couvrez les types de papier peint adapt\u00e9 \u00e0 votre projet. R\u00e9no'valpes, la r\u00e9novation en haute Savoie, vous conseille dans votre choix\",\"breadcrumb\":{\"@id\":\"https:\/\/renovation-haute-savoie.fr\/les-types-de-papier-peint\/#breadcrumb\"},\"inLanguage\":\"en-US\",\"potentialAction\":[{\"@type\":\"ReadAction\",\"target\":[\"https:\/\/renovation-haute-savoie.fr\/les-types-de-papier-peint\/\"]}]},{\"@type\":\"ImageObject\",\"inLanguage\":\"en-US\",\"@id\":\"https:\/\/renovation-haute-savoie.fr\/les-types-de-papier-peint\/#primaryimage\",\"url\":\"https:\/\/renovation-haute-savoie.fr\/wp-content\/uploads\/2022\/12\/papier-peint-nature.jpg\",\"contentUrl\":\"https:\/\/renovation-haute-savoie.fr\/wp-content\/uploads\/2022\/12\/papier-peint-nature.jpg\",\"width\":1200,\"height\":1200,\"caption\":\"Le papier peint classique\"},{\"@type\":\"BreadcrumbList\",\"@id\":\"https:\/\/renovation-haute-savoie.fr\/les-types-de-papier-peint\/#breadcrumb\",\"itemListElement\":[{\"@type\":\"ListItem\",\"position\":1,\"name\":\"Accueil\",\"item\":\"https:\/\/renovation-haute-savoie.fr\/\"},{\"@type\":\"ListItem\",\"position\":2,\"name\":\"Les types de papier peint\"}]},{\"@type\":\"WebSite\",\"@id\":\"https:\/\/renovation-haute-savoie.fr\/#website\",\"url\":\"https:\/\/renovation-haute-savoie.fr\/\",\"name\":\"Renovation en Haute Savoie\",\"description\":\"Renovalpes\",\"publisher\":{\"@id\":\"https:\/\/renovation-haute-savoie.fr\/#organization\"},\"alternateName\":\"Renovalpes\",\"potentialAction\":[{\"@type\":\"SearchAction\",\"target\":{\"@type\":\"EntryPoint\",\"urlTemplate\":\"https:\/\/renovation-haute-savoie.fr\/?s={search_term_string}\"},\"query-input\":\"required name=search_term_string\"}],\"inLanguage\":\"en-US\"},{\"@type\":\"Organization\",\"@id\":\"https:\/\/renovation-haute-savoie.fr\/#organization\",\"name\":\"Renovation en Haute Savoie\",\"alternateName\":\"Renov'Alpes\",\"url\":\"https:\/\/renovation-haute-savoie.fr\/\",\"logo\":{\"@type\":\"ImageObject\",\"inLanguage\":\"en-US\",\"@id\":\"https:\/\/renovation-haute-savoie.fr\/#\/schema\/logo\/image\/\",\"url\":\"https:\/\/renovation-haute-savoie.fr\/wp-content\/uploads\/2022\/12\/logo_renovalpes_texte.png\",\"contentUrl\":\"https:\/\/renovation-haute-savoie.fr\/wp-content\/uploads\/2022\/12\/logo_renovalpes_texte.png\",\"width\":2594,\"height\":1909,\"caption\":\"Renovation en Haute Savoie\"},\"image\":{\"@id\":\"https:\/\/renovation-haute-savoie.fr\/#\/schema\/logo\/image\/\"},\"sameAs\":[\"https:\/\/www.facebook.com\/Renov.Alpes.SARL\"]}]}<\/script>\n<!-- \/ Yoast SEO plugin. -->","yoast_head_json":{"title":"type de papier peint","description":"D\u00e9couvrez les types de papier peint adapt\u00e9 \u00e0 votre projet. R\u00e9no'valpes, la r\u00e9novation en haute Savoie, vous conseille dans votre choix","robots":{"index":"index","follow":"follow","max-snippet":"max-snippet:-1","max-image-preview":"max-image-preview:large","max-video-preview":"max-video-preview:-1"},"canonical":"https:\/\/renovation-haute-savoie.fr\/en\/les-types-de-papier-peint\/","og_locale":"en_US","og_type":"article","og_title":"type de papier peint","og_description":"D\u00e9couvrez les types de papier peint adapt\u00e9 \u00e0 votre projet. R\u00e9no'valpes, la r\u00e9novation en haute Savoie, vous conseille dans votre choix","og_url":"https:\/\/renovation-haute-savoie.fr\/en\/les-types-de-papier-peint\/","og_site_name":"Renovation en Haute Savoie","article_publisher":"https:\/\/www.facebook.com\/Renov.Alpes.SARL","article_modified_time":"2023-01-08T07:34:41+00:00","og_image":[{"width":1200,"height":1200,"url":"https:\/\/renovation-haute-savoie.fr\/wp-content\/uploads\/2022\/12\/papier-peint-nature.jpg","type":"image\/jpeg"}],"twitter_card":"summary_large_image","twitter_misc":{"Est. reading time":"3 minutes"},"schema":{"@context":"https:\/\/schema.org","@graph":[{"@type":"WebPage","@id":"https:\/\/renovation-haute-savoie.fr\/les-types-de-papier-peint\/","url":"https:\/\/renovation-haute-savoie.fr\/les-types-de-papier-peint\/","name":"type de papier peint","isPartOf":{"@id":"https:\/\/renovation-haute-savoie.fr\/#website"},"primaryImageOfPage":{"@id":"https:\/\/renovation-haute-savoie.fr\/les-types-de-papier-peint\/#primaryimage"},"image":{"@id":"https:\/\/renovation-haute-savoie.fr\/les-types-de-papier-peint\/#primaryimage"},"thumbnailUrl":"https:\/\/renovation-haute-savoie.fr\/wp-content\/uploads\/2022\/12\/papier-peint-nature.jpg","datePublished":"2022-12-19T14:51:51+00:00","dateModified":"2023-01-08T07:34:41+00:00","description":"D\u00e9couvrez les types de papier peint adapt\u00e9 \u00e0 votre projet. R\u00e9no'valpes, la r\u00e9novation en haute Savoie, vous conseille dans votre choix","breadcrumb":{"@id":"https:\/\/renovation-haute-savoie.fr\/les-types-de-papier-peint\/#breadcrumb"},"inLanguage":"en-US","potentialAction":[{"@type":"ReadAction","target":["https:\/\/renovation-haute-savoie.fr\/les-types-de-papier-peint\/"]}]},{"@type":"ImageObject","inLanguage":"en-US","@id":"https:\/\/renovation-haute-savoie.fr\/les-types-de-papier-peint\/#primaryimage","url":"https:\/\/renovation-haute-savoie.fr\/wp-content\/uploads\/2022\/12\/papier-peint-nature.jpg","contentUrl":"https:\/\/renovation-haute-savoie.fr\/wp-content\/uploads\/2022\/12\/papier-peint-nature.jpg","width":1200,"height":1200,"caption":"Le papier peint classique"},{"@type":"BreadcrumbList","@id":"https:\/\/renovation-haute-savoie.fr\/les-types-de-papier-peint\/#breadcrumb","itemListElement":[{"@type":"ListItem","position":1,"name":"Accueil","item":"https:\/\/renovation-haute-savoie.fr\/"},{"@type":"ListItem","position":2,"name":"Les types de papier peint"}]},{"@type":"WebSite","@id":"https:\/\/renovation-haute-savoie.fr\/#website","url":"https:\/\/renovation-haute-savoie.fr\/","name":"Renovation en Haute Savoie","description":"Renovalpes","publisher":{"@id":"https:\/\/renovation-haute-savoie.fr\/#organization"},"alternateName":"Renovalpes","potentialAction":[{"@type":"SearchAction","target":{"@type":"EntryPoint","urlTemplate":"https:\/\/renovation-haute-savoie.fr\/?s={search_term_string}"},"query-input":"required name=search_term_string"}],"inLanguage":"en-US"},{"@type":"Organization","@id":"https:\/\/renovation-haute-savoie.fr\/#organization","name":"Renovation en Haute Savoie","alternateName":"Renov'Alpes","url":"https:\/\/renovation-haute-savoie.fr\/","logo":{"@type":"ImageObject","inLanguage":"en-US","@id":"https:\/\/renovation-haute-savoie.fr\/#\/schema\/logo\/image\/","url":"https:\/\/renovation-haute-savoie.fr\/wp-content\/uploads\/2022\/12\/logo_renovalpes_texte.png","contentUrl":"https:\/\/renovation-haute-savoie.fr\/wp-content\/uploads\/2022\/12\/logo_renovalpes_texte.png","width":2594,"height":1909,"caption":"Renovation en Haute Savoie"},"image":{"@id":"https:\/\/renovation-haute-savoie.fr\/#\/schema\/logo\/image\/"},"sameAs":["https:\/\/www.facebook.com\/Renov.Alpes.SARL"]}]}},"_links":{"self":[{"href":"https:\/\/renovation-haute-savoie.fr\/en\/wp-json\/wp\/v2\/pages\/223354"}],"collection":[{"href":"https:\/\/renovation-haute-savoie.fr\/en\/wp-json\/wp\/v2\/pages"}],"about":[{"href":"https:\/\/renovation-haute-savoie.fr\/en\/wp-json\/wp\/v2\/types\/page"}],"author":[{"embeddable":true,"href":"https:\/\/renovation-haute-savoie.fr\/en\/wp-json\/wp\/v2\/users\/1"}],"replies":[{"embeddable":true,"href":"https:\/\/renovation-haute-savoie.fr\/en\/wp-json\/wp\/v2\/comments?post=223354"}],"version-history":[{"count":30,"href":"https:\/\/renovation-haute-savoie.fr\/en\/wp-json\/wp\/v2\/pages\/223354\/revisions"}],"predecessor-version":[{"id":223536,"href":"https:\/\/renovation-haute-savoie.fr\/en\/wp-json\/wp\/v2\/pages\/223354\/revisions\/223536"}],"wp:featuredmedia":[{"embeddable":true,"href":"https:\/\/renovation-haute-savoie.fr\/en\/wp-json\/wp\/v2\/media\/223357"}],"wp:attachment":[{"href":"https:\/\/renovation-haute-savoie.fr\/en\/wp-json\/wp\/v2\/media?parent=223354"}],"curies":[{"name":"wp","href":"https:\/\/api.w.org\/{rel}","templated":true}]}}