{"id":3,"date":"2022-11-26T19:10:19","date_gmt":"2022-11-26T18:10:19","guid":{"rendered":"https:\/\/renovation-haute-savoie.fr\/?page_id=3"},"modified":"2023-01-08T12:49:55","modified_gmt":"2023-01-08T11:49:55","slug":"politique-de-confidentialite","status":"publish","type":"page","link":"https:\/\/renovation-haute-savoie.fr\/en\/politique-de-confidentialite\/","title":{"rendered":"Privacy Policy"},"content":{"rendered":"<p>Please find our privacy policy below:<\/p>\r\n<h3 class=\"wp-block-heading\">Who are we?<\/h3>\r\n\r\n\r\n\r\n<p>The address of our site is : renovation-haute-savoie.fr<\/p>\r\n\r\n\r\n\r\n\r\n\r\n<h3 class=\"wp-block-heading\">Media<\/h3>\r\n\r\n\r\n\r\n<p>If you upload images to the site, we recommend that you avoid uploading images that contain EXIF data of GPS coordinates. People visiting your site can download and extract location data from these images.<\/p>\r\n\r\n\r\n\r\n<h3 class=\"wp-block-heading\">Cookies<\/h3>\r\n\r\n\r\n\r\n<p>If you leave a comment on our site, you will be asked to save your name, email address, and site in cookies. This is only for your convenience so that you do not have to enter this information if you leave another comment later. These cookies expire after one year.<\/p>\r\n\r\n\r\n\r\n<p>If you go to the login page, a temporary cookie will be created to determine if your browser accepts cookies. It does not contain any personal data and will be deleted automatically when you close your browser.<\/p>\r\n\r\n\r\n\r\n<p>When you log in, we will set a number of cookies to record your login information and screen preferences. The lifetime of a login cookie is two days, and the lifetime of a screen preference cookie is one year. If you check \"Remember me\", your login cookie will be retained for two weeks. If you log out of your account, the login cookie will be deleted.<\/p>\r\n\r\n\r\n\r\n<p>By editing or publishing a publication, an additional cookie will be stored in your browser. This cookie does not include any personal information. It simply indicates the ID of the publication you just edited. It expires after one day.<\/p>\r\n\r\n\r\n\r\n<h3 class=\"wp-block-heading\">Embedded content from other sites<\/h3>\r\n\r\n\r\n\r\n<p>Articles on this site may include embedded content (e.g. videos, images, articles...). Embedded content from other sites behaves in the same way as if the visitor were on that other site.<\/p>\r\n\r\n\r\n\r\n<p>These websites may collect data about you, use cookies, embed third-party tracking tools, track your interactions with these embedded contents if you have a logged-in account on their website.<\/p>\r\n\r\n\r\n\r\n<h3 class=\"wp-block-heading\">Use and transmission of your personal data<\/h3>\r\n\r\n\r\n\r\n<p>If you request a password reset, your IP address will be included in the reset email.<\/p>\r\n\r\n\r\n\r\n<h3 class=\"wp-block-heading\">How long your data is stored<\/h3>\r\n\r\n\r\n\r\n<p>If you leave a comment, the comment and its metadata are kept indefinitely. This allows subsequent comments to be automatically recognized and approved instead of being left in the moderation queue.<\/p>\r\n\r\n\r\n\r\n<p>For accounts that register on our site (if any), we also store the personal information listed in their profile. All accounts can view, edit, or delete their personal information at any time (except for their user ID). Site managers can also view and edit this information.<\/p>\r\n\r\n\r\n\r\n<h3 class=\"wp-block-heading\">The rights you have over your data<\/h3>\r\n\r\n\r\n\r\n<p>If you have an account or have left comments on the site, you may request to receive a file containing all the personal data we have about you, including the data you have provided to us. You may also request the deletion of your personal data. This does not include data stored for administrative, legal or security purposes.<\/p>\r\n\r\n\r\n\r\n<h3 class=\"wp-block-heading\">Where your data is sent<\/h3>\r\n\r\n\r\n\r\n<p>Visitor comments can be checked with an automated comment detection service.<\/p>","protected":false},"excerpt":{"rendered":"<p>Please find our privacy policy below:<br \/>\nWho are we?<\/p>\n<p>L\u2019adresse de [&#8230;]<\/p>","protected":false},"author":1,"featured_media":223515,"parent":0,"menu_order":0,"comment_status":"closed","ping_status":"closed","template":"page.php","meta":{"footnotes":""},"yoast_head":"<!-- This site is optimized with the Yoast SEO plugin v22.3 - https:\/\/yoast.com\/wordpress\/plugins\/seo\/ -->\n<title>politique Confidentialite<\/title>\n<meta name=\"description\" content=\"Politique de confidentialit\u00e9 du site Renov&#039;Alpes. R\u00e9novation d&#039;habitation situ\u00e9 \u00e0 St Gervais les bains Le Fayet en Haute Savoie (74)\" \/>\n<meta name=\"robots\" content=\"index, follow, max-snippet:-1, max-image-preview:large, max-video-preview:-1\" \/>\n<link rel=\"canonical\" href=\"https:\/\/renovation-haute-savoie.fr\/en\/politique-de-confidentialite\/\" \/>\n<meta property=\"og:locale\" content=\"en_US\" \/>\n<meta property=\"og:type\" content=\"article\" \/>\n<meta property=\"og:title\" content=\"politique Confidentialite\" \/>\n<meta property=\"og:description\" content=\"Politique de confidentialit\u00e9 du site Renov&#039;Alpes. R\u00e9novation d&#039;habitation situ\u00e9 \u00e0 St Gervais les bains Le Fayet en Haute Savoie (74)\" \/>\n<meta property=\"og:url\" content=\"https:\/\/renovation-haute-savoie.fr\/en\/politique-de-confidentialite\/\" \/>\n<meta property=\"og:site_name\" content=\"Renovation en Haute Savoie\" \/>\n<meta property=\"article:publisher\" content=\"https:\/\/www.facebook.com\/Renov.Alpes.SARL\" \/>\n<meta property=\"article:modified_time\" content=\"2023-01-08T11:49:55+00:00\" \/>\n<meta property=\"og:image\" content=\"https:\/\/renovation-haute-savoie.fr\/wp-content\/uploads\/2022\/12\/logo_renovalpes_texte.png\" \/>\n\t<meta property=\"og:image:width\" content=\"2594\" \/>\n\t<meta property=\"og:image:height\" content=\"1909\" \/>\n\t<meta property=\"og:image:type\" content=\"image\/png\" \/>\n<meta name=\"twitter:card\" content=\"summary_large_image\" \/>\n<meta name=\"twitter:label1\" content=\"Est. reading time\" \/>\n\t<meta name=\"twitter:data1\" content=\"3 minutes\" \/>\n<script type=\"application\/ld+json\" class=\"yoast-schema-graph\">{\"@context\":\"https:\/\/schema.org\",\"@graph\":[{\"@type\":\"WebPage\",\"@id\":\"https:\/\/renovation-haute-savoie.fr\/politique-de-confidentialite\/\",\"url\":\"https:\/\/renovation-haute-savoie.fr\/politique-de-confidentialite\/\",\"name\":\"politique Confidentialite\",\"isPartOf\":{\"@id\":\"https:\/\/renovation-haute-savoie.fr\/#website\"},\"primaryImageOfPage\":{\"@id\":\"https:\/\/renovation-haute-savoie.fr\/politique-de-confidentialite\/#primaryimage\"},\"image\":{\"@id\":\"https:\/\/renovation-haute-savoie.fr\/politique-de-confidentialite\/#primaryimage\"},\"thumbnailUrl\":\"https:\/\/renovation-haute-savoie.fr\/wp-content\/uploads\/2022\/12\/logo_renovalpes_texte.png\",\"datePublished\":\"2022-11-26T18:10:19+00:00\",\"dateModified\":\"2023-01-08T11:49:55+00:00\",\"description\":\"Politique de confidentialit\u00e9 du site Renov'Alpes. R\u00e9novation d'habitation situ\u00e9 \u00e0 St Gervais les bains Le Fayet en Haute Savoie (74)\",\"breadcrumb\":{\"@id\":\"https:\/\/renovation-haute-savoie.fr\/politique-de-confidentialite\/#breadcrumb\"},\"inLanguage\":\"en-US\",\"potentialAction\":[{\"@type\":\"ReadAction\",\"target\":[\"https:\/\/renovation-haute-savoie.fr\/politique-de-confidentialite\/\"]}]},{\"@type\":\"ImageObject\",\"inLanguage\":\"en-US\",\"@id\":\"https:\/\/renovation-haute-savoie.fr\/politique-de-confidentialite\/#primaryimage\",\"url\":\"https:\/\/renovation-haute-savoie.fr\/wp-content\/uploads\/2022\/12\/logo_renovalpes_texte.png\",\"contentUrl\":\"https:\/\/renovation-haute-savoie.fr\/wp-content\/uploads\/2022\/12\/logo_renovalpes_texte.png\",\"width\":2594,\"height\":1909,\"caption\":\"Renovalpes, la r\u00e9novation au pays du Mont Blanc\"},{\"@type\":\"BreadcrumbList\",\"@id\":\"https:\/\/renovation-haute-savoie.fr\/politique-de-confidentialite\/#breadcrumb\",\"itemListElement\":[{\"@type\":\"ListItem\",\"position\":1,\"name\":\"Accueil\",\"item\":\"https:\/\/renovation-haute-savoie.fr\/\"},{\"@type\":\"ListItem\",\"position\":2,\"name\":\"Politique de confidentialit\u00e9\"}]},{\"@type\":\"WebSite\",\"@id\":\"https:\/\/renovation-haute-savoie.fr\/#website\",\"url\":\"https:\/\/renovation-haute-savoie.fr\/\",\"name\":\"Renovation en Haute Savoie\",\"description\":\"Renovalpes\",\"publisher\":{\"@id\":\"https:\/\/renovation-haute-savoie.fr\/#organization\"},\"alternateName\":\"Renovalpes\",\"potentialAction\":[{\"@type\":\"SearchAction\",\"target\":{\"@type\":\"EntryPoint\",\"urlTemplate\":\"https:\/\/renovation-haute-savoie.fr\/?s={search_term_string}\"},\"query-input\":\"required name=search_term_string\"}],\"inLanguage\":\"en-US\"},{\"@type\":\"Organization\",\"@id\":\"https:\/\/renovation-haute-savoie.fr\/#organization\",\"name\":\"Renovation en Haute Savoie\",\"alternateName\":\"Renov'Alpes\",\"url\":\"https:\/\/renovation-haute-savoie.fr\/\",\"logo\":{\"@type\":\"ImageObject\",\"inLanguage\":\"en-US\",\"@id\":\"https:\/\/renovation-haute-savoie.fr\/#\/schema\/logo\/image\/\",\"url\":\"https:\/\/renovation-haute-savoie.fr\/wp-content\/uploads\/2022\/12\/logo_renovalpes_texte.png\",\"contentUrl\":\"https:\/\/renovation-haute-savoie.fr\/wp-content\/uploads\/2022\/12\/logo_renovalpes_texte.png\",\"width\":2594,\"height\":1909,\"caption\":\"Renovation en Haute Savoie\"},\"image\":{\"@id\":\"https:\/\/renovation-haute-savoie.fr\/#\/schema\/logo\/image\/\"},\"sameAs\":[\"https:\/\/www.facebook.com\/Renov.Alpes.SARL\"]}]}<\/script>\n<!-- \/ Yoast SEO plugin. -->","yoast_head_json":{"title":"politique Confidentialite","description":"Politique de confidentialit\u00e9 du site Renov'Alpes. R\u00e9novation d'habitation situ\u00e9 \u00e0 St Gervais les bains Le Fayet en Haute Savoie (74)","robots":{"index":"index","follow":"follow","max-snippet":"max-snippet:-1","max-image-preview":"max-image-preview:large","max-video-preview":"max-video-preview:-1"},"canonical":"https:\/\/renovation-haute-savoie.fr\/en\/politique-de-confidentialite\/","og_locale":"en_US","og_type":"article","og_title":"politique Confidentialite","og_description":"Politique de confidentialit\u00e9 du site Renov'Alpes. R\u00e9novation d'habitation situ\u00e9 \u00e0 St Gervais les bains Le Fayet en Haute Savoie (74)","og_url":"https:\/\/renovation-haute-savoie.fr\/en\/politique-de-confidentialite\/","og_site_name":"Renovation en Haute Savoie","article_publisher":"https:\/\/www.facebook.com\/Renov.Alpes.SARL","article_modified_time":"2023-01-08T11:49:55+00:00","og_image":[{"width":2594,"height":1909,"url":"https:\/\/renovation-haute-savoie.fr\/wp-content\/uploads\/2022\/12\/logo_renovalpes_texte.png","type":"image\/png"}],"twitter_card":"summary_large_image","twitter_misc":{"Est. reading time":"3 minutes"},"schema":{"@context":"https:\/\/schema.org","@graph":[{"@type":"WebPage","@id":"https:\/\/renovation-haute-savoie.fr\/politique-de-confidentialite\/","url":"https:\/\/renovation-haute-savoie.fr\/politique-de-confidentialite\/","name":"politique Confidentialite","isPartOf":{"@id":"https:\/\/renovation-haute-savoie.fr\/#website"},"primaryImageOfPage":{"@id":"https:\/\/renovation-haute-savoie.fr\/politique-de-confidentialite\/#primaryimage"},"image":{"@id":"https:\/\/renovation-haute-savoie.fr\/politique-de-confidentialite\/#primaryimage"},"thumbnailUrl":"https:\/\/renovation-haute-savoie.fr\/wp-content\/uploads\/2022\/12\/logo_renovalpes_texte.png","datePublished":"2022-11-26T18:10:19+00:00","dateModified":"2023-01-08T11:49:55+00:00","description":"Politique de confidentialit\u00e9 du site Renov'Alpes. R\u00e9novation d'habitation situ\u00e9 \u00e0 St Gervais les bains Le Fayet en Haute Savoie (74)","breadcrumb":{"@id":"https:\/\/renovation-haute-savoie.fr\/politique-de-confidentialite\/#breadcrumb"},"inLanguage":"en-US","potentialAction":[{"@type":"ReadAction","target":["https:\/\/renovation-haute-savoie.fr\/politique-de-confidentialite\/"]}]},{"@type":"ImageObject","inLanguage":"en-US","@id":"https:\/\/renovation-haute-savoie.fr\/politique-de-confidentialite\/#primaryimage","url":"https:\/\/renovation-haute-savoie.fr\/wp-content\/uploads\/2022\/12\/logo_renovalpes_texte.png","contentUrl":"https:\/\/renovation-haute-savoie.fr\/wp-content\/uploads\/2022\/12\/logo_renovalpes_texte.png","width":2594,"height":1909,"caption":"Renovalpes, la r\u00e9novation au pays du Mont Blanc"},{"@type":"BreadcrumbList","@id":"https:\/\/renovation-haute-savoie.fr\/politique-de-confidentialite\/#breadcrumb","itemListElement":[{"@type":"ListItem","position":1,"name":"Accueil","item":"https:\/\/renovation-haute-savoie.fr\/"},{"@type":"ListItem","position":2,"name":"Politique de confidentialit\u00e9"}]},{"@type":"WebSite","@id":"https:\/\/renovation-haute-savoie.fr\/#website","url":"https:\/\/renovation-haute-savoie.fr\/","name":"Renovation en Haute Savoie","description":"Renovalpes","publisher":{"@id":"https:\/\/renovation-haute-savoie.fr\/#organization"},"alternateName":"Renovalpes","potentialAction":[{"@type":"SearchAction","target":{"@type":"EntryPoint","urlTemplate":"https:\/\/renovation-haute-savoie.fr\/?s={search_term_string}"},"query-input":"required name=search_term_string"}],"inLanguage":"en-US"},{"@type":"Organization","@id":"https:\/\/renovation-haute-savoie.fr\/#organization","name":"Renovation en Haute Savoie","alternateName":"Renov'Alpes","url":"https:\/\/renovation-haute-savoie.fr\/","logo":{"@type":"ImageObject","inLanguage":"en-US","@id":"https:\/\/renovation-haute-savoie.fr\/#\/schema\/logo\/image\/","url":"https:\/\/renovation-haute-savoie.fr\/wp-content\/uploads\/2022\/12\/logo_renovalpes_texte.png","contentUrl":"https:\/\/renovation-haute-savoie.fr\/wp-content\/uploads\/2022\/12\/logo_renovalpes_texte.png","width":2594,"height":1909,"caption":"Renovation en Haute Savoie"},"image":{"@id":"https:\/\/renovation-haute-savoie.fr\/#\/schema\/logo\/image\/"},"sameAs":["https:\/\/www.facebook.com\/Renov.Alpes.SARL"]}]}},"_links":{"self":[{"href":"https:\/\/renovation-haute-savoie.fr\/en\/wp-json\/wp\/v2\/pages\/3"}],"collection":[{"href":"https:\/\/renovation-haute-savoie.fr\/en\/wp-json\/wp\/v2\/pages"}],"about":[{"href":"https:\/\/renovation-haute-savoie.fr\/en\/wp-json\/wp\/v2\/types\/page"}],"author":[{"embeddable":true,"href":"https:\/\/renovation-haute-savoie.fr\/en\/wp-json\/wp\/v2\/users\/1"}],"replies":[{"embeddable":true,"href":"https:\/\/renovation-haute-savoie.fr\/en\/wp-json\/wp\/v2\/comments?post=3"}],"version-history":[{"count":5,"href":"https:\/\/renovation-haute-savoie.fr\/en\/wp-json\/wp\/v2\/pages\/3\/revisions"}],"predecessor-version":[{"id":223541,"href":"https:\/\/renovation-haute-savoie.fr\/en\/wp-json\/wp\/v2\/pages\/3\/revisions\/223541"}],"wp:featuredmedia":[{"embeddable":true,"href":"https:\/\/renovation-haute-savoie.fr\/en\/wp-json\/wp\/v2\/media\/223515"}],"wp:attachment":[{"href":"https:\/\/renovation-haute-savoie.fr\/en\/wp-json\/wp\/v2\/media?parent=3"}],"curies":[{"name":"wp","href":"https:\/\/api.w.org\/{rel}","templated":true}]}}