{"id":561,"date":"2020-07-02T14:00:36","date_gmt":"2020-07-02T12:00:36","guid":{"rendered":"http:\/\/demos.upperthemes.com\/alma\/site1\/?page_id=561"},"modified":"2023-01-08T08:24:57","modified_gmt":"2023-01-08T07:24:57","slug":"actualites","status":"publish","type":"page","link":"https:\/\/renovation-haute-savoie.fr\/en\/actualites\/","title":{"rendered":"News"},"content":{"rendered":"<div class=\"wpb-content-wrapper\"><div class=\"vc_row wpb_row vc_row-fluid\"><div class=\"wpb_column vc_column_container vc_col-sm-12\"><div class=\"vc_column-inner\"><div class=\"wpb_wrapper\">\n\t<div class=\"wpb_text_column wpb_content_element\" >\n\t\t<div class=\"wpb_wrapper\">\n\t\t\t<p style=\"text-align: center;\"><em><span style=\"color: #ffffff;\">All the news of the company R\u00e9nov'Alpes in St Gervais les bains, practical guides in order to bring you many advices in your interior and exterior renovation projects.<\/span><\/em><\/p>\n\n\t\t<\/div>\n\t<\/div>\n\n<div class=\"vc_grid-container-wrapper vc_clearfix vc_grid-animation-fadeIn\">\n\t<div class=\"vc_grid-container vc_clearfix wpb_content_element vc_basic_grid\" data-initial-loading-animation=\"fadeIn\" data-vc-grid-settings=\"{&quot;page_id&quot;:561,&quot;style&quot;:&quot;all&quot;,&quot;action&quot;:&quot;vc_get_vc_grid_data&quot;,&quot;shortcode_id&quot;:&quot;1673162312686-b3d94983-8413-10&quot;,&quot;tag&quot;:&quot;vc_basic_grid&quot;}\" data-vc-request=\"https:\/\/renovation-haute-savoie.fr\/wp-admin\/admin-ajax.php\" data-vc-post-id=\"561\" data-vc-public-nonce=\"0fcb446df4\">\n\t\t<style data-type=\"vc_shortcodes-custom-css\">.vc_custom_1418995080777{padding-top: 15px !important;padding-right: 15px !important;padding-bottom: 15px !important;padding-left: 15px !important;background-color: rgba(45,45,45,0.8) !important;*background-color: rgb(45,45,45) !important;}.vc_custom_1671993133103{margin-top: 10px !important;margin-bottom: 10px !important;}<\/style><div class=\"vc_grid vc_row vc_grid-gutter-30px vc_pageable-wrapper vc_hook_hover\" data-vc-pageable-content=\"true\"><div class=\"vc_pageable-slide-wrapper vc_clearfix\" data-vc-grid-content=\"true\"><div class=\"vc_grid-item vc_clearfix vc_col-sm-4\"><div class=\"vc_grid-item-mini vc_clearfix\"><div class=\"vc_gitem-animated-block  vc_gitem-animate vc_gitem-animate-slideBottom\"  data-vc-animation=\"slideBottom\"><div class=\"vc_gitem-zone vc_gitem-zone-a vc-gitem-zone-height-mode-auto vc-gitem-zone-height-mode-auto-1-1\" style=\"background-image: url('https:\/\/renovation-haute-savoie.fr\/wp-content\/uploads\/2022\/12\/sablage-charpente.png') !important;\"><img decoding=\"async\" class=\"vc_gitem-zone-img\" src=\"https:\/\/renovation-haute-savoie.fr\/wp-content\/uploads\/2022\/12\/sablage-charpente.png\" alt=\"choisir-sablage-charpente\" loading=\"lazy\"><div class=\"vc_gitem-zone-mini\"><\/div><\/div><div class=\"vc_gitem-zone vc_gitem-zone-b vc-gitem-zone-height-mode-auto vc_gitem-is-link\"><a href=\"https:\/\/renovation-haute-savoie.fr\/en\/exterieur\/choisir-le-sablage\/\" title=\"Why choose sandblasting\" class=\"vc_gitem-link vc-zone-link\" ><\/a><div class=\"vc_gitem-zone-mini\"><div class=\"vc_gitem_row vc_row vc_gitem-row-position-bottom\"><div class=\"vc_col-sm-12 vc_gitem-col vc_gitem-col-align- vc_custom_1418995080777\"><div class=\"vc_custom_heading vc_gitem-post-data vc_gitem-post-data-source-post_title\" ><div style=\"text-align: center\" ><a href=\"https:\/\/renovation-haute-savoie.fr\/en\/exterieur\/choisir-le-sablage\/\" class=\"vc_gitem-link\" title=\"Why choose sandblasting\">Why choose sandblasting<\/a><\/div><\/div><div class=\"vc_separator wpb_content_element vc_separator_align_center vc_sep_width_100 vc_sep_border_width_2 vc_sep_pos_align_center vc_separator_no_text vc_sep_color_white vc_custom_1671993133103  vc_custom_1671993133103\" ><span class=\"vc_sep_holder vc_sep_holder_l\"><span class=\"vc_sep_line\"><\/span><\/span><span class=\"vc_sep_holder vc_sep_holder_r\"><span class=\"vc_sep_line\"><\/span><\/span>\n<\/div><div class=\"vc_gitem-post-data vc_gitem-post-data-source-post_categories vc_grid-filter vc_clearfix vc_grid-filter vc_clearfix vc_grid-filter-comma vc_grid-filter-size-lg vc_grid-filter-center vc_grid-filter-center vc_grid-filter-color-grey\"><div class=\"vc_grid-filter-item vc_gitem-post-category-name\"><span class=\"vc_gitem-post-category-name\">Cottage<\/span><\/div>, <div class=\"vc_grid-filter-item vc_gitem-post-category-name\"><span class=\"vc_gitem-post-category-name\">Exterieur<\/span><\/div><\/div><\/div><\/div><\/div><\/div><\/div><\/div><div class=\"vc_clearfix\"><\/div><\/div><div class=\"vc_grid-item vc_clearfix vc_col-sm-4\"><div class=\"vc_grid-item-mini vc_clearfix\"><div class=\"vc_gitem-animated-block  vc_gitem-animate vc_gitem-animate-slideBottom\"  data-vc-animation=\"slideBottom\"><div class=\"vc_gitem-zone vc_gitem-zone-a vc-gitem-zone-height-mode-auto vc-gitem-zone-height-mode-auto-1-1\" style=\"background-image: url('https:\/\/renovation-haute-savoie.fr\/wp-content\/uploads\/2022\/12\/enduit-decoration-cheminee.jpg') !important;\"><img decoding=\"async\" class=\"vc_gitem-zone-img\" src=\"https:\/\/renovation-haute-savoie.fr\/wp-content\/uploads\/2022\/12\/enduit-decoration-cheminee.jpg\" alt=\"choisir-enduit-decoratif\" loading=\"lazy\"><div class=\"vc_gitem-zone-mini\"><\/div><\/div><div class=\"vc_gitem-zone vc_gitem-zone-b vc-gitem-zone-height-mode-auto vc_gitem-is-link\"><a href=\"https:\/\/renovation-haute-savoie.fr\/en\/decoration\/pourquoi-choisir-un-enduit-decoratif\/\" title=\"Why choose a decorative coating?\" class=\"vc_gitem-link vc-zone-link\" ><\/a><div class=\"vc_gitem-zone-mini\"><div class=\"vc_gitem_row vc_row vc_gitem-row-position-bottom\"><div class=\"vc_col-sm-12 vc_gitem-col vc_gitem-col-align- vc_custom_1418995080777\"><div class=\"vc_custom_heading vc_gitem-post-data vc_gitem-post-data-source-post_title\" ><div style=\"text-align: center\" ><a href=\"https:\/\/renovation-haute-savoie.fr\/en\/decoration\/pourquoi-choisir-un-enduit-decoratif\/\" class=\"vc_gitem-link\" title=\"Why choose a decorative coating?\">Why choose a decorative coating?<\/a><\/div><\/div><div class=\"vc_separator wpb_content_element vc_separator_align_center vc_sep_width_100 vc_sep_border_width_2 vc_sep_pos_align_center vc_separator_no_text vc_sep_color_white vc_custom_1671993133103  vc_custom_1671993133103\" ><span class=\"vc_sep_holder vc_sep_holder_l\"><span class=\"vc_sep_line\"><\/span><\/span><span class=\"vc_sep_holder vc_sep_holder_r\"><span class=\"vc_sep_line\"><\/span><\/span>\n<\/div><div class=\"vc_gitem-post-data vc_gitem-post-data-source-post_categories vc_grid-filter vc_clearfix vc_grid-filter vc_clearfix vc_grid-filter-comma vc_grid-filter-size-lg vc_grid-filter-center vc_grid-filter-center vc_grid-filter-color-grey\"><div class=\"vc_grid-filter-item vc_gitem-post-category-name\"><span class=\"vc_gitem-post-category-name\">Decoration<\/span><\/div>, <div class=\"vc_grid-filter-item vc_gitem-post-category-name\"><span class=\"vc_gitem-post-category-name\">Indoor<\/span><\/div>, <div class=\"vc_grid-filter-item vc_gitem-post-category-name\"><span class=\"vc_gitem-post-category-name\">Coating<\/span><\/div><\/div><\/div><\/div><\/div><\/div><\/div><\/div><div class=\"vc_clearfix\"><\/div><\/div><\/div><\/div>\n\t<\/div>\n<\/div><\/div><\/div><\/div><\/div>\n<\/div>","protected":false},"excerpt":{"rendered":"<p>LE CHOIX D&#8217;UN ENDUIT DECORATIF<\/p>\n<p>\t\t\tTo embellish and personalize your decoration, [...]<\/p>","protected":false},"author":1,"featured_media":0,"parent":0,"menu_order":0,"comment_status":"closed","ping_status":"closed","template":"page.php","meta":{"footnotes":""},"yoast_head":"<!-- This site is optimized with the Yoast SEO plugin v22.3 - https:\/\/yoast.com\/wordpress\/plugins\/seo\/ -->\n<title>Actualit\u00e9s R\u00e9nov&#039;Alpes | Renovation en Haute Savoie, St Gervais<\/title>\n<meta name=\"description\" content=\"Toute l&#039;actualit\u00e9 de R\u00e9novalpes, entreprise de r\u00e9novation \u00e0 St Gervais les bains Le Fayet\" \/>\n<meta name=\"robots\" content=\"index, follow, max-snippet:-1, max-image-preview:large, max-video-preview:-1\" \/>\n<link rel=\"canonical\" href=\"https:\/\/renovation-haute-savoie.fr\/en\/actualites\/\" \/>\n<meta property=\"og:locale\" content=\"en_US\" \/>\n<meta property=\"og:type\" content=\"article\" \/>\n<meta property=\"og:title\" content=\"Actualit\u00e9s R\u00e9nov&#039;Alpes | Renovation en Haute Savoie, St Gervais\" \/>\n<meta property=\"og:description\" content=\"Toute l&#039;actualit\u00e9 de R\u00e9novalpes, entreprise de r\u00e9novation \u00e0 St Gervais les bains Le Fayet\" \/>\n<meta property=\"og:url\" content=\"https:\/\/renovation-haute-savoie.fr\/en\/actualites\/\" \/>\n<meta property=\"og:site_name\" content=\"Renovation en Haute Savoie\" \/>\n<meta property=\"article:publisher\" content=\"https:\/\/www.facebook.com\/Renov.Alpes.SARL\" \/>\n<meta property=\"article:modified_time\" content=\"2023-01-08T07:24:57+00:00\" \/>\n<meta name=\"twitter:card\" content=\"summary_large_image\" \/>\n<meta name=\"twitter:label1\" content=\"Est. reading time\" \/>\n\t<meta name=\"twitter:data1\" content=\"1 minute\" \/>\n<script type=\"application\/ld+json\" class=\"yoast-schema-graph\">{\"@context\":\"https:\/\/schema.org\",\"@graph\":[{\"@type\":\"WebPage\",\"@id\":\"https:\/\/renovation-haute-savoie.fr\/actualites\/\",\"url\":\"https:\/\/renovation-haute-savoie.fr\/actualites\/\",\"name\":\"Actualit\u00e9s R\u00e9nov'Alpes | Renovation en Haute Savoie, St Gervais\",\"isPartOf\":{\"@id\":\"https:\/\/renovation-haute-savoie.fr\/#website\"},\"datePublished\":\"2020-07-02T12:00:36+00:00\",\"dateModified\":\"2023-01-08T07:24:57+00:00\",\"description\":\"Toute l'actualit\u00e9 de R\u00e9novalpes, entreprise de r\u00e9novation \u00e0 St Gervais les bains Le Fayet\",\"breadcrumb\":{\"@id\":\"https:\/\/renovation-haute-savoie.fr\/actualites\/#breadcrumb\"},\"inLanguage\":\"en-US\",\"potentialAction\":[{\"@type\":\"ReadAction\",\"target\":[\"https:\/\/renovation-haute-savoie.fr\/actualites\/\"]}]},{\"@type\":\"BreadcrumbList\",\"@id\":\"https:\/\/renovation-haute-savoie.fr\/actualites\/#breadcrumb\",\"itemListElement\":[{\"@type\":\"ListItem\",\"position\":1,\"name\":\"Accueil\",\"item\":\"https:\/\/renovation-haute-savoie.fr\/\"},{\"@type\":\"ListItem\",\"position\":2,\"name\":\"Actualit\u00e9s\"}]},{\"@type\":\"WebSite\",\"@id\":\"https:\/\/renovation-haute-savoie.fr\/#website\",\"url\":\"https:\/\/renovation-haute-savoie.fr\/\",\"name\":\"Renovation en Haute Savoie\",\"description\":\"Renovalpes\",\"publisher\":{\"@id\":\"https:\/\/renovation-haute-savoie.fr\/#organization\"},\"alternateName\":\"Renovalpes\",\"potentialAction\":[{\"@type\":\"SearchAction\",\"target\":{\"@type\":\"EntryPoint\",\"urlTemplate\":\"https:\/\/renovation-haute-savoie.fr\/?s={search_term_string}\"},\"query-input\":\"required name=search_term_string\"}],\"inLanguage\":\"en-US\"},{\"@type\":\"Organization\",\"@id\":\"https:\/\/renovation-haute-savoie.fr\/#organization\",\"name\":\"Renovation en Haute Savoie\",\"alternateName\":\"Renov'Alpes\",\"url\":\"https:\/\/renovation-haute-savoie.fr\/\",\"logo\":{\"@type\":\"ImageObject\",\"inLanguage\":\"en-US\",\"@id\":\"https:\/\/renovation-haute-savoie.fr\/#\/schema\/logo\/image\/\",\"url\":\"https:\/\/renovation-haute-savoie.fr\/wp-content\/uploads\/2022\/12\/logo_renovalpes_texte.png\",\"contentUrl\":\"https:\/\/renovation-haute-savoie.fr\/wp-content\/uploads\/2022\/12\/logo_renovalpes_texte.png\",\"width\":2594,\"height\":1909,\"caption\":\"Renovation en Haute Savoie\"},\"image\":{\"@id\":\"https:\/\/renovation-haute-savoie.fr\/#\/schema\/logo\/image\/\"},\"sameAs\":[\"https:\/\/www.facebook.com\/Renov.Alpes.SARL\"]}]}<\/script>\n<!-- \/ Yoast SEO plugin. -->","yoast_head_json":{"title":"Actualit\u00e9s R\u00e9nov'Alpes | Renovation en Haute Savoie, St Gervais","description":"Toute l'actualit\u00e9 de R\u00e9novalpes, entreprise de r\u00e9novation \u00e0 St Gervais les bains Le Fayet","robots":{"index":"index","follow":"follow","max-snippet":"max-snippet:-1","max-image-preview":"max-image-preview:large","max-video-preview":"max-video-preview:-1"},"canonical":"https:\/\/renovation-haute-savoie.fr\/en\/actualites\/","og_locale":"en_US","og_type":"article","og_title":"Actualit\u00e9s R\u00e9nov'Alpes | Renovation en Haute Savoie, St Gervais","og_description":"Toute l'actualit\u00e9 de R\u00e9novalpes, entreprise de r\u00e9novation \u00e0 St Gervais les bains Le Fayet","og_url":"https:\/\/renovation-haute-savoie.fr\/en\/actualites\/","og_site_name":"Renovation en Haute Savoie","article_publisher":"https:\/\/www.facebook.com\/Renov.Alpes.SARL","article_modified_time":"2023-01-08T07:24:57+00:00","twitter_card":"summary_large_image","twitter_misc":{"Est. reading time":"1 minute"},"schema":{"@context":"https:\/\/schema.org","@graph":[{"@type":"WebPage","@id":"https:\/\/renovation-haute-savoie.fr\/actualites\/","url":"https:\/\/renovation-haute-savoie.fr\/actualites\/","name":"Actualit\u00e9s R\u00e9nov'Alpes | Renovation en Haute Savoie, St Gervais","isPartOf":{"@id":"https:\/\/renovation-haute-savoie.fr\/#website"},"datePublished":"2020-07-02T12:00:36+00:00","dateModified":"2023-01-08T07:24:57+00:00","description":"Toute l'actualit\u00e9 de R\u00e9novalpes, entreprise de r\u00e9novation \u00e0 St Gervais les bains Le Fayet","breadcrumb":{"@id":"https:\/\/renovation-haute-savoie.fr\/actualites\/#breadcrumb"},"inLanguage":"en-US","potentialAction":[{"@type":"ReadAction","target":["https:\/\/renovation-haute-savoie.fr\/actualites\/"]}]},{"@type":"BreadcrumbList","@id":"https:\/\/renovation-haute-savoie.fr\/actualites\/#breadcrumb","itemListElement":[{"@type":"ListItem","position":1,"name":"Accueil","item":"https:\/\/renovation-haute-savoie.fr\/"},{"@type":"ListItem","position":2,"name":"Actualit\u00e9s"}]},{"@type":"WebSite","@id":"https:\/\/renovation-haute-savoie.fr\/#website","url":"https:\/\/renovation-haute-savoie.fr\/","name":"Renovation en Haute Savoie","description":"Renovalpes","publisher":{"@id":"https:\/\/renovation-haute-savoie.fr\/#organization"},"alternateName":"Renovalpes","potentialAction":[{"@type":"SearchAction","target":{"@type":"EntryPoint","urlTemplate":"https:\/\/renovation-haute-savoie.fr\/?s={search_term_string}"},"query-input":"required name=search_term_string"}],"inLanguage":"en-US"},{"@type":"Organization","@id":"https:\/\/renovation-haute-savoie.fr\/#organization","name":"Renovation en Haute Savoie","alternateName":"Renov'Alpes","url":"https:\/\/renovation-haute-savoie.fr\/","logo":{"@type":"ImageObject","inLanguage":"en-US","@id":"https:\/\/renovation-haute-savoie.fr\/#\/schema\/logo\/image\/","url":"https:\/\/renovation-haute-savoie.fr\/wp-content\/uploads\/2022\/12\/logo_renovalpes_texte.png","contentUrl":"https:\/\/renovation-haute-savoie.fr\/wp-content\/uploads\/2022\/12\/logo_renovalpes_texte.png","width":2594,"height":1909,"caption":"Renovation en Haute Savoie"},"image":{"@id":"https:\/\/renovation-haute-savoie.fr\/#\/schema\/logo\/image\/"},"sameAs":["https:\/\/www.facebook.com\/Renov.Alpes.SARL"]}]}},"_links":{"self":[{"href":"https:\/\/renovation-haute-savoie.fr\/en\/wp-json\/wp\/v2\/pages\/561"}],"collection":[{"href":"https:\/\/renovation-haute-savoie.fr\/en\/wp-json\/wp\/v2\/pages"}],"about":[{"href":"https:\/\/renovation-haute-savoie.fr\/en\/wp-json\/wp\/v2\/types\/page"}],"author":[{"embeddable":true,"href":"https:\/\/renovation-haute-savoie.fr\/en\/wp-json\/wp\/v2\/users\/1"}],"replies":[{"embeddable":true,"href":"https:\/\/renovation-haute-savoie.fr\/en\/wp-json\/wp\/v2\/comments?post=561"}],"version-history":[{"count":10,"href":"https:\/\/renovation-haute-savoie.fr\/en\/wp-json\/wp\/v2\/pages\/561\/revisions"}],"predecessor-version":[{"id":223531,"href":"https:\/\/renovation-haute-savoie.fr\/en\/wp-json\/wp\/v2\/pages\/561\/revisions\/223531"}],"wp:attachment":[{"href":"https:\/\/renovation-haute-savoie.fr\/en\/wp-json\/wp\/v2\/media?parent=561"}],"curies":[{"name":"wp","href":"https:\/\/api.w.org\/{rel}","templated":true}]}}