{"id":698,"date":"2020-07-13T15:03:33","date_gmt":"2020-07-13T13:03:33","guid":{"rendered":"http:\/\/demos.upperthemes.com\/alma\/onepage3\/?page_id=698"},"modified":"2023-01-08T08:38:13","modified_gmt":"2023-01-08T07:38:13","slug":"realisations","status":"publish","type":"page","link":"https:\/\/renovation-haute-savoie.fr\/en\/realisations\/","title":{"rendered":"Achievements"},"content":{"rendered":"<div class=\"wpb-content-wrapper\"><div data-vc-full-width=\"true\" data-vc-full-width-init=\"false\" class=\"vc_row wpb_row vc_row-fluid vc_custom_1671453944769\"><div class=\"wpb_animate_when_almost_visible wpb_fadeInUp fadeInUp wpb_column vc_column_container vc_col-sm-12\"><div class=\"vc_column-inner\"><div class=\"wpb_wrapper\"><div id=\"ultimate-heading-124069ef7e851e300\" class=\"uvc-heading ult-adjust-bottom-margin ultimate-heading-124069ef7e851e300 uvc-8847\" data-hspacer=\"no_spacer\"  data-halign=\"center\" style=\"text-align:center\"><div class=\"uvc-heading-spacer no_spacer\" style=\"top\"><\/div><div class=\"uvc-main-heading ult-responsive\"  data-ultimate-target='.uvc-heading.ultimate-heading-124069ef7e851e300 h2'  data-responsive-json-new='{\"font-size\":\"\",\"line-height\":\"\"}' ><h2 style=\"font-family:&#039;Barlow Condensed&#039;;font-weight:500;\">OUR ACHIEVEMENTS<\/h2><\/div><\/div><\/div><\/div><\/div><\/div><div class=\"vc_row-full-width vc_clearfix\"><\/div><div id=\"about\" class=\"vc_row wpb_row vc_row-fluid vc_custom_1600276223365\"><div class=\"wide-box-mobile wpb_animate_when_almost_visible wpb_fadeInUp fadeInUp wpb_column vc_column_container vc_col-sm-12\"><div class=\"vc_column-inner\"><div class=\"wpb_wrapper\"><style type='text\/css'>#cbpw-wrap204 {margin:0px 0px 0px 0px;}#cbpw-grid204 .cbp-l-grid-masonry-projects-title {color:#007aff;background-color:transparent;font-size:18px;font-family:Dosis,sans-serif;font-weight:500;font-style:normal;line-height:22px;text-align:center;text-transform:uppercase;margin:12px 0 0 0;padding:0;}#cbpw-grid204 .cbp-l-grid-masonry-projects-desc {color:#ffffff;background-color:transparent;font-size:14px;font-family:Roboto,sans-serif;font-weight:400;font-style:normal;line-height:18px;text-align:center;text-transform:none;margin:0 0 0 0;padding:0 0 0 0;}#cbpw-grid204 .cbp-l-caption-buttonLeft {color:#ffffff;background-color:#000000;font-size:18px;font-family:Dosis,Open Sans;font-weight:400;font-style:normal;line-height:30px;text-align:center;text-transform:uppercase;margin:4px 4px 4px 4px;padding:0 6px 0 6px;}#cbpw-grid204 .cbp-l-caption-buttonRight {color:#FFF;background-color:#4d4d4d;font-size:12px;font-family:Open Sans;font-weight:400;font-style:normal;line-height:30px;text-align:center;text-transform:none;margin:4px 4px 4px 4px;padding:0 6px 0 6px;}#cbpw-grid204 .cbp-caption {margin-bottom:0;}#cbpw-grid204 .cbp-caption-activeWrap {background-color:rgba(7, 122, 255, 0.5);}#cbpw-filters204 .cbp-filter-item {background-color:transparent;border-width:0px;border-style:none;border-color:transparent;border-radius:0;color:#ffffff;font-size:18px;font-family:Dosis,Open Sans,sans-serif;font-weight:400;font-style:normal;line-height:21px;margin:0px 0px 10px 0px;padding:0px 12px 0px 12px;text-transform:uppercase;}#cbpw-filters204 .cbp-filter-item:hover {background-color:transparent;border-width:0px;border-style:none;border-color:transparent;border-radius:0;color:#007aff;font-size:18px;font-family:Dosis,Open Sans,sans-serif;font-weight:400;font-style:normal;line-height:21px;margin:0px 0px 10px 0px;padding:0px 12px 0px 12px;text-transform:uppercase;}#cbpw-filters204 .cbp-filter-item.cbp-filter-item-active {background-color:transparent;border-width:0px;border-style:none;border-color:transparent;border-radius:0;color:#034a96;font-size:18px;font-family:Dosis,Open Sans,sans-serif;font-weight:400;font-style:normal;line-height:21px;margin:0px 0px 10px 0px;padding:0px 12px 0px 12px;text-transform:uppercase;}#cbpw-filters204 .cbp-filter-item.cbp-filter-item-active:hover {background-color:transparent;border-width:0px;border-style:none;border-color:transparent;border-radius:0;color:#007aff;font-size:18px;font-family:Dosis,Open Sans,sans-serif;font-weight:400;font-style:normal;line-height:21px;margin:0px 0px 10px 0px;padding:0px 12px 0px 12px;text-transform:uppercase;}#cbpw-filters204 .cbp-filter-counter {background-color:#626161;color:#fff;font-size:11px;font-family:Open Sans,sans-serif;font-weight:400;font-style:normal;line-height:18px;padding:4px 0px 4px 0px;}#cbpw-filters204 .cbp-filter-counter:after {border-color:#626161 transparent;}#cbpw-loadMore204 .cbp-l-loadMore-link {color:#7E7B7B;background-color:transparent;border-width:1px 1px 1px 1px;border-style:solid;border-color:#DEDEDE;font-size:12px;font-family:Open Sans,sans-serif;font-weight:400;font-style:normal;line-height:34px;text-align:center;padding:0px 30px 0px 30px;margin:40px 0px 0px 0px;text-transform:none;}#cbpw-loadMore204 .cbp-l-loadMore-link:hover {color:#B0B0B0;background-color:transparent;border-width:1px 1px 1px 1px;border-style:solid;border-color:#DEDEDE;font-size:12px;font-family:Open Sans,sans-serif;font-weight:400;font-style:normal;line-height:34px;text-align:center;padding:0px 30px 0px 30px;margin:40px 0px 0px 0px;text-transform:none;}#cbpw-loadMore204 .cbp-l-loadMore-loading {color:#B0B0B0;background-color:transparent;border-width:1px 1px 1px 1px;border-style:solid;border-color:#DEDEDE;font-size:12px;font-family:Open Sans,sans-serif;font-weight:400;font-style:normal;line-height:34px;text-align:center;padding:0px 30px 0px 30px;margin:40px 0px 0px 0px;text-transform:none;}#cbpw-loadMore204 .cbp-l-loadMore-loading:hover {color:#B0B0B0;background-color:transparent;border-width:1px 1px 1px 1px;border-style:solid;border-color:#DEDEDE;font-size:12px;font-family:Open Sans,sans-serif;font-weight:400;font-style:normal;line-height:34px;text-align:center;padding:0px 30px 0px 30px;margin:40px 0px 0px 0px;text-transform:none;}#cbpw-loadMore204 .cbp-l-loadMore-stop {color:#B0B0B0;background-color:transparent;border-width:1px 1px 1px 1px;border-style:solid;border-color:#DEDEDE;font-size:12px;font-family:Open Sans,sans-serif;font-weight:400;font-style:normal;line-height:34px;text-align:center;padding:0px 30px 0px 30px;margin:40px 0px 0px 0px;text-transform:none;}#cbpw-loadMore204 .cbp-l-loadMore-stop:hover {color:#B0B0B0;background-color:transparent;border-width:1px 1px 1px 1px;border-style:solid;border-color:#DEDEDE;font-size:12px;font-family:Open Sans,sans-serif;font-weight:400;font-style:normal;line-height:34px;text-align:center;padding:0px 30px 0px 30px;margin:40px 0px 0px 0px;text-transform:none;}#cbpw-singlePage204 .cbp-popup-navigation-wrap {background-color:#000000;}#cbpw-singlePage204 .cbp-popup-singlePage-counter {color:#ffffff;font-size:18px;font-family:Dosis,Open Sans;font-weight:400;font-style:normal;}<\/style><link rel=\"stylesheet\" href=\"\/\/fonts.googleapis.com\/css?family=Dosis:500normal,400normal\" type=\"text\/css\" media=\"all\" property=\"stylesheet\"><link rel=\"stylesheet\" href=\"\/\/fonts.googleapis.com\/css?family=Roboto:400normal\" type=\"text\/css\" media=\"all\" property=\"stylesheet\"><link rel=\"stylesheet\" href=\"\/\/fonts.googleapis.com\/css?family=Open+Sans:400normal\" type=\"text\/css\" media=\"all\" property=\"stylesheet\"><div id=\"cbpw-wrap204\"><div id=\"cbpw-filters204\" class=\"cbp-l-filters-alignCenter container\"><div data-filter=\".tous\" class=\"cbp-filter-item cbp-filter-item-active\">All<\/div>\n\/<div data-filter=\".chalet\" class=\"cbp-filter-item\">Cottage<\/div>\n\/<div data-filter=\".maison\" class=\"cbp-filter-item\">House<\/div>\n\/<div data-filter=\".appartement\" class=\"cbp-filter-item\">Appartement<\/div>\n\/<div data-filter=\".hotel\" class=\"cbp-filter-item\">Hotel<\/div>\n<\/div><div id=\"cbpw-grid204\" class=\"cbp-l-grid-masonry-projects cbp\"><div><div class=\"cbp-item chalet tous container\"><div class=\"cbp-caption\" style=\"\"><div class=\"cbp-caption-defaultWrap\"><img decoding=\"async\" src=\"\/\/renovation-haute-savoie.fr\/wp-content\/uploads\/2020\/06\/The-farm12.jpg\" alt=\"\"><\/div><div class=\"cbp-caption-activeWrap\"><div class=\"cbp-l-caption-alignCenter\"><div class=\"cbp-l-caption-body\"><a href=\"\/\/renovation-haute-savoie.fr\/en\/realisations\/the-farm\/\" class=\"cbp-simpleLink cbp-l-caption-buttonLeft\">infos<\/a><\/div><\/div><\/div><\/div><div class=\"cbp-l-grid-masonry-projects-title\">The farm<\/div><div class=\"cbp-l-grid-masonry-projects-desc\">Chamonix<\/div><\/div><div class=\"cbp-item maison tous container\"><div class=\"cbp-caption\" style=\"\"><div class=\"cbp-caption-defaultWrap\"><img decoding=\"async\" src=\"\/\/renovation-haute-savoie.fr\/wp-content\/uploads\/2020\/06\/PIOLET-2.jpg\" alt=\"\"><\/div><div class=\"cbp-caption-activeWrap\"><div class=\"cbp-l-caption-alignCenter\"><div class=\"cbp-l-caption-body\"><a href=\"\/\/renovation-haute-savoie.fr\/en\/realisations\/piolet\/\" class=\"cbp-simpleLink cbp-l-caption-buttonLeft\">Infos<\/a><\/div><\/div><\/div><\/div><div class=\"cbp-l-grid-masonry-projects-title\">Piolet<\/div><div class=\"cbp-l-grid-masonry-projects-desc\">Chamonix<\/div><\/div><div class=\"cbp-item appartement tous container\"><div class=\"cbp-caption\" style=\"\"><div class=\"cbp-caption-defaultWrap\"><img decoding=\"async\" src=\"\/\/renovation-haute-savoie.fr\/wp-content\/uploads\/2020\/06\/PERIADES-3-scaled.jpg\" alt=\"\"><\/div><div class=\"cbp-caption-activeWrap\"><div class=\"cbp-l-caption-alignCenter\"><div class=\"cbp-l-caption-body\"><a href=\"\/\/renovation-haute-savoie.fr\/en\/realisations\/periades\/\" class=\"cbp-simpleLink cbp-l-caption-buttonLeft\">Infos<\/a><\/div><\/div><\/div><\/div><div class=\"cbp-l-grid-masonry-projects-title\">Periades<\/div><div class=\"cbp-l-grid-masonry-projects-desc\">Chamonix<\/div><\/div><div class=\"cbp-item chalet tous container\"><div class=\"cbp-caption\" style=\"\"><div class=\"cbp-caption-defaultWrap\"><img decoding=\"async\" src=\"\/\/renovation-haute-savoie.fr\/wp-content\/uploads\/2020\/06\/France6.jpg\" alt=\"\"><\/div><div class=\"cbp-caption-activeWrap\"><div class=\"cbp-l-caption-alignCenter\"><div class=\"cbp-l-caption-body\"><a href=\"\/\/renovation-haute-savoie.fr\/en\/realisations\/france\/\" class=\"cbp-simpleLink cbp-l-caption-buttonLeft\">Infos<\/a><\/div><\/div><\/div><\/div><div class=\"cbp-l-grid-masonry-projects-title\">France<\/div><div class=\"cbp-l-grid-masonry-projects-desc\">Chamonix<\/div><\/div><div class=\"cbp-item chalet tous container\"><div class=\"cbp-caption\" style=\"\"><div class=\"cbp-caption-defaultWrap\"><img decoding=\"async\" src=\"\/\/renovation-haute-savoie.fr\/wp-content\/uploads\/2020\/06\/DALMORE-2-32.jpg\" alt=\"\"><\/div><div class=\"cbp-caption-activeWrap\"><div class=\"cbp-l-caption-alignCenter\"><div class=\"cbp-l-caption-body\"><a href=\"\/\/renovation-haute-savoie.fr\/en\/realisations\/dalmore\/\" class=\"cbp-simpleLink cbp-l-caption-buttonLeft\">Infos<\/a><\/div><\/div><\/div><\/div><div class=\"cbp-l-grid-masonry-projects-title\">Dalmore<\/div><div class=\"cbp-l-grid-masonry-projects-desc\">Chamonix<\/div><\/div><div class=\"cbp-item chalet tous container\"><div class=\"cbp-caption\" style=\"\"><div class=\"cbp-caption-defaultWrap\"><img decoding=\"async\" src=\"\/\/renovation-haute-savoie.fr\/wp-content\/uploads\/2020\/06\/Caraccard6.jpg\" alt=\"\"><\/div><div class=\"cbp-caption-activeWrap\"><div class=\"cbp-l-caption-alignCenter\"><div class=\"cbp-l-caption-body\"><a href=\"\/\/renovation-haute-savoie.fr\/en\/realisations\/carracard\/\" class=\"cbp-simpleLink cbp-l-caption-buttonLeft\">Infos<\/a><\/div><\/div><\/div><\/div><div class=\"cbp-l-grid-masonry-projects-title\">Carracard<\/div><div class=\"cbp-l-grid-masonry-projects-desc\">Les Houches<\/div><\/div><div class=\"cbp-item maison tous container\"><div class=\"cbp-caption\" style=\"\"><div class=\"cbp-caption-defaultWrap\"><img decoding=\"async\" src=\"\/\/renovation-haute-savoie.fr\/wp-content\/uploads\/2020\/06\/Chalet-Back-to-the-Modernism9.jpg\" alt=\"\"><\/div><div class=\"cbp-caption-activeWrap\"><div class=\"cbp-l-caption-alignCenter\"><div class=\"cbp-l-caption-body\"><a href=\"\/\/renovation-haute-savoie.fr\/en\/realisations\/back\/\" class=\"cbp-simpleLink cbp-l-caption-buttonLeft\">Infos<\/a><\/div><\/div><\/div><\/div><div class=\"cbp-l-grid-masonry-projects-title\">Back<\/div><div class=\"cbp-l-grid-masonry-projects-desc\">Chamonix<\/div><\/div><div class=\"cbp-item appartement tous container\"><div class=\"cbp-caption\" style=\"\"><div class=\"cbp-caption-defaultWrap\"><img decoding=\"async\" src=\"\/\/renovation-haute-savoie.fr\/wp-content\/uploads\/2020\/06\/ATRIA-3.jpg\" alt=\"\"><\/div><div class=\"cbp-caption-activeWrap\"><div class=\"cbp-l-caption-alignCenter\"><div class=\"cbp-l-caption-body\"><a href=\"\/\/renovation-haute-savoie.fr\/en\/realisations\/atria\/\" class=\"cbp-simpleLink cbp-l-caption-buttonLeft\">Infos<\/a><\/div><\/div><\/div><\/div><div class=\"cbp-l-grid-masonry-projects-title\">Atria<\/div><div class=\"cbp-l-grid-masonry-projects-desc\">Chamonix<\/div><\/div><div class=\"cbp-item chalet tous container\"><div class=\"cbp-caption\" style=\"\"><div class=\"cbp-caption-defaultWrap\"><img decoding=\"async\" src=\"\/\/renovation-haute-savoie.fr\/wp-content\/uploads\/2020\/06\/ALPEN__37_sur_89_.jpg\" alt=\"\"><\/div><div class=\"cbp-caption-activeWrap\"><div class=\"cbp-l-caption-alignCenter\"><div class=\"cbp-l-caption-body\"><a href=\"https:\/\/renovation-haute-savoie.fr\/en\/realisations\/chalet-alpen-chamonix\/\" class=\"cbp-simpleLink cbp-l-caption-buttonLeft\">Infos<\/a><\/div><\/div><\/div><\/div><div class=\"cbp-l-grid-masonry-projects-title\">Alpen<\/div><div class=\"cbp-l-grid-masonry-projects-desc\">Chamonix<\/div><\/div><div class=\"cbp-item hotel tous container\"><div class=\"cbp-caption\" style=\"\"><div class=\"cbp-caption-defaultWrap\"><img decoding=\"async\" src=\"\/\/renovation-haute-savoie.fr\/wp-content\/uploads\/2020\/06\/PTE-ISABELLE18.jpg\" alt=\"\"><\/div><div class=\"cbp-caption-activeWrap\"><div class=\"cbp-l-caption-alignCenter\"><div class=\"cbp-l-caption-body\"><a href=\"\/\/renovation-haute-savoie.fr\/en\/realisations\/pointe-isabelle\/\" class=\"cbp-simpleLink cbp-l-caption-buttonLeft\">Infos<\/a><\/div><\/div><\/div><\/div><div class=\"cbp-l-grid-masonry-projects-title\">Pointe Isabelle<\/div><div class=\"cbp-l-grid-masonry-projects-desc\">Chamonix<\/div><\/div><div class=\"cbp-item chalet tous container\"><div class=\"cbp-caption\" style=\"\"><div class=\"cbp-caption-defaultWrap\"><img decoding=\"async\" src=\"\/\/renovation-haute-savoie.fr\/wp-content\/uploads\/2020\/06\/LBERG-4-scaled.jpg\" alt=\"chalet lberg chamonix\"><\/div><div class=\"cbp-caption-activeWrap\"><div class=\"cbp-l-caption-alignCenter\"><div class=\"cbp-l-caption-body\"><a href=\"\/\/renovation-haute-savoie.fr\/en\/realisations\/lberg\/\" class=\"cbp-simpleLink cbp-l-caption-buttonLeft\">Infos<\/a><\/div><\/div><\/div><\/div><div class=\"cbp-l-grid-masonry-projects-title\">L'berg<\/div><div class=\"cbp-l-grid-masonry-projects-desc\">Chamonix<\/div><\/div><div class=\"cbp-item chalet tous container\"><div class=\"cbp-caption\" style=\"\"><div class=\"cbp-caption-defaultWrap\"><img decoding=\"async\" src=\"\/\/renovation-haute-savoie.fr\/wp-content\/uploads\/2020\/06\/BONAMIS-5jpg.jpg\" alt=\"\"><\/div><div class=\"cbp-caption-activeWrap\"><div class=\"cbp-l-caption-alignCenter\"><div class=\"cbp-l-caption-body\"><a href=\"https:\/\/renovation-haute-savoie.fr\/en\/realisations\/bonamis-chalet-chamonix\/\" class=\"cbp-simpleLink cbp-l-caption-buttonLeft\">Infos<\/a><\/div><\/div><\/div><\/div><div class=\"cbp-l-grid-masonry-projects-title\">Bonamis<\/div><div class=\"cbp-l-grid-masonry-projects-desc\">Chamonix<\/div><\/div><\/div><\/div><\/div><script type=\"text\/javascript\">this.initCubePortfolio =  this.initCubePortfolio || []; this.initCubePortfolio.push({id: 204, options: {\"filters\":\"#cbpw-filters204\",\"loadMore\":\"\",\"loadMoreAction\":\"auto\",\"search\":\"\",\"layoutMode\":\"grid\",\"sortToPreventGaps\":false,\"drag\":true,\"auto\":false,\"autoTimeout\":5000,\"autoPauseOnHover\":true,\"showNavigation\":true,\"showPagination\":true,\"rewindNav\":true,\"scrollByPage\":false,\"defaultFilter\":\".tous\",\"filterDeeplinking\":false,\"animationType\":\"quicksand\",\"gridAdjustment\":\"responsive\",\"mediaQueries\":[{\"width\":1400,\"cols\":4},{\"width\":1170,\"cols\":4},{\"width\":1024,\"cols\":3},{\"width\":960,\"cols\":3},{\"width\":778,\"cols\":3},{\"width\":640,\"cols\":2},{\"width\":480,\"cols\":2}],\"gapHorizontal\":35,\"gapVertical\":25,\"caption\":\"zoom\",\"displayType\":\"lazyLoading\",\"displayTypeSpeed\":100,\"lightboxDelegate\":\".cbp-lightbox\",\"lightboxGallery\":true,\"lightboxTitleSrc\":\"data-title\",\"lightboxCounter\":\"<div class=\\\"cbp-popup-lightbox-counter\\\">{{current}} of {{total}}<\/div>\",\"singlePageDelegate\":\".cbp-singlePage\",\"singlePageDeeplinking\":true,\"singlePageStickyNavigation\":true,\"singlePageCounter\":\"<div class=\\\"cbp-popup-singlePage-counter\\\">{{current}} of {{total}}<\/div>\",\"singlePageAnimation\":\"middle\",\"singlePageInlineDelegate\":\".cbp-singlePageInline\",\"singlePageInlineDeeplinking\":false,\"singlePageInlinePosition\":\"above\",\"singlePageInlineInFocus\":true,\"plugins\":{},\"cols\":3,\"displayItemsLoadMore\":3,\"coverRatio\":\"4:3\"}});<\/script><div class=\"vc_empty_space\"   style=\"height: 32px\"><span class=\"vc_empty_space_inner\"><\/span><\/div><div class=\"vc_empty_space\"   style=\"height: 32px\"><span class=\"vc_empty_space_inner\"><\/span><\/div>\n\t<div class=\"wpb_text_column wpb_content_element\" >\n\t\t<div class=\"wpb_wrapper\">\n\t\t\t<p><a style=\"color: #ffffff;\" href=\"https:\/\/renovation-haute-savoie.fr\/en\/contact-renovalpes\/\"><span id=\"p6\">Demander nous un devis.<\/span><\/a><\/p>\n\n\t\t<\/div>\n\t<\/div>\n<\/div><\/div><\/div><\/div>\n<\/div>","protected":false},"excerpt":{"rendered":"<p>NOS REALISATIONS#cbpw-wrap204 {margin:0px 0px 0px 0px;}#cbpw-grid204 .cbp-l-grid-masonry-projects-title {color:#007aff;background-color:transparent;font-size:18px;font-family:Dosis,sans-serif;font-weight:500;font-style:normal;line-height:22px;text-align:center;text-transform:uppercase;margin:12px 0 0 [&#8230;]<\/p>","protected":false},"author":1,"featured_media":0,"parent":0,"menu_order":0,"comment_status":"closed","ping_status":"closed","template":"one-page-template.php","meta":{"footnotes":""},"yoast_head":"<!-- This site is optimized with the Yoast SEO plugin v22.3 - https:\/\/yoast.com\/wordpress\/plugins\/seo\/ -->\n<title>R\u00e9alisations de R\u00e9nov&#039;Alpes | Renovation en Haute Savoie (74)<\/title>\n<meta name=\"description\" content=\"Les r\u00e9alisations R\u00e9nov&#039;Alpes sur Chamonix, Les Houches. Nous sommes situ\u00e9 \u00e0 St Gervais les bains Le Fayet proche de Sallanches et Meg\u00e8ve.\" \/>\n<meta name=\"robots\" content=\"index, follow, max-snippet:-1, max-image-preview:large, max-video-preview:-1\" \/>\n<link rel=\"canonical\" href=\"https:\/\/renovation-haute-savoie.fr\/en\/realisations\/\" \/>\n<meta property=\"og:locale\" content=\"en_US\" \/>\n<meta property=\"og:type\" content=\"article\" \/>\n<meta property=\"og:title\" content=\"R\u00e9alisations de R\u00e9nov&#039;Alpes | Renovation en Haute Savoie (74)\" \/>\n<meta property=\"og:description\" content=\"Les r\u00e9alisations R\u00e9nov&#039;Alpes sur Chamonix, Les Houches. Nous sommes situ\u00e9 \u00e0 St Gervais les bains Le Fayet proche de Sallanches et Meg\u00e8ve.\" \/>\n<meta property=\"og:url\" content=\"https:\/\/renovation-haute-savoie.fr\/en\/realisations\/\" \/>\n<meta property=\"og:site_name\" content=\"Renovation en Haute Savoie\" \/>\n<meta property=\"article:publisher\" content=\"https:\/\/www.facebook.com\/Renov.Alpes.SARL\" \/>\n<meta property=\"article:modified_time\" content=\"2023-01-08T07:38:13+00:00\" \/>\n<meta name=\"twitter:card\" content=\"summary_large_image\" \/>\n<meta name=\"twitter:label1\" content=\"Est. reading time\" \/>\n\t<meta name=\"twitter:data1\" content=\"1 minute\" \/>\n<script type=\"application\/ld+json\" class=\"yoast-schema-graph\">{\"@context\":\"https:\/\/schema.org\",\"@graph\":[{\"@type\":\"WebPage\",\"@id\":\"https:\/\/renovation-haute-savoie.fr\/realisations\/\",\"url\":\"https:\/\/renovation-haute-savoie.fr\/realisations\/\",\"name\":\"R\u00e9alisations de R\u00e9nov'Alpes | Renovation en Haute Savoie (74)\",\"isPartOf\":{\"@id\":\"https:\/\/renovation-haute-savoie.fr\/#website\"},\"datePublished\":\"2020-07-13T13:03:33+00:00\",\"dateModified\":\"2023-01-08T07:38:13+00:00\",\"description\":\"Les r\u00e9alisations R\u00e9nov'Alpes sur Chamonix, Les Houches. Nous sommes situ\u00e9 \u00e0 St Gervais les bains Le Fayet proche de Sallanches et Meg\u00e8ve.\",\"breadcrumb\":{\"@id\":\"https:\/\/renovation-haute-savoie.fr\/realisations\/#breadcrumb\"},\"inLanguage\":\"en-US\",\"potentialAction\":[{\"@type\":\"ReadAction\",\"target\":[\"https:\/\/renovation-haute-savoie.fr\/realisations\/\"]}]},{\"@type\":\"BreadcrumbList\",\"@id\":\"https:\/\/renovation-haute-savoie.fr\/realisations\/#breadcrumb\",\"itemListElement\":[{\"@type\":\"ListItem\",\"position\":1,\"name\":\"Accueil\",\"item\":\"https:\/\/renovation-haute-savoie.fr\/\"},{\"@type\":\"ListItem\",\"position\":2,\"name\":\"R\u00e9alisations\"}]},{\"@type\":\"WebSite\",\"@id\":\"https:\/\/renovation-haute-savoie.fr\/#website\",\"url\":\"https:\/\/renovation-haute-savoie.fr\/\",\"name\":\"Renovation en Haute Savoie\",\"description\":\"Renovalpes\",\"publisher\":{\"@id\":\"https:\/\/renovation-haute-savoie.fr\/#organization\"},\"alternateName\":\"Renovalpes\",\"potentialAction\":[{\"@type\":\"SearchAction\",\"target\":{\"@type\":\"EntryPoint\",\"urlTemplate\":\"https:\/\/renovation-haute-savoie.fr\/?s={search_term_string}\"},\"query-input\":\"required name=search_term_string\"}],\"inLanguage\":\"en-US\"},{\"@type\":\"Organization\",\"@id\":\"https:\/\/renovation-haute-savoie.fr\/#organization\",\"name\":\"Renovation en Haute Savoie\",\"alternateName\":\"Renov'Alpes\",\"url\":\"https:\/\/renovation-haute-savoie.fr\/\",\"logo\":{\"@type\":\"ImageObject\",\"inLanguage\":\"en-US\",\"@id\":\"https:\/\/renovation-haute-savoie.fr\/#\/schema\/logo\/image\/\",\"url\":\"https:\/\/renovation-haute-savoie.fr\/wp-content\/uploads\/2022\/12\/logo_renovalpes_texte.png\",\"contentUrl\":\"https:\/\/renovation-haute-savoie.fr\/wp-content\/uploads\/2022\/12\/logo_renovalpes_texte.png\",\"width\":2594,\"height\":1909,\"caption\":\"Renovation en Haute Savoie\"},\"image\":{\"@id\":\"https:\/\/renovation-haute-savoie.fr\/#\/schema\/logo\/image\/\"},\"sameAs\":[\"https:\/\/www.facebook.com\/Renov.Alpes.SARL\"]}]}<\/script>\n<!-- \/ Yoast SEO plugin. -->","yoast_head_json":{"title":"R\u00e9alisations de R\u00e9nov'Alpes | Renovation en Haute Savoie (74)","description":"Les r\u00e9alisations R\u00e9nov'Alpes sur Chamonix, Les Houches. Nous sommes situ\u00e9 \u00e0 St Gervais les bains Le Fayet proche de Sallanches et Meg\u00e8ve.","robots":{"index":"index","follow":"follow","max-snippet":"max-snippet:-1","max-image-preview":"max-image-preview:large","max-video-preview":"max-video-preview:-1"},"canonical":"https:\/\/renovation-haute-savoie.fr\/en\/realisations\/","og_locale":"en_US","og_type":"article","og_title":"R\u00e9alisations de R\u00e9nov'Alpes | Renovation en Haute Savoie (74)","og_description":"Les r\u00e9alisations R\u00e9nov'Alpes sur Chamonix, Les Houches. Nous sommes situ\u00e9 \u00e0 St Gervais les bains Le Fayet proche de Sallanches et Meg\u00e8ve.","og_url":"https:\/\/renovation-haute-savoie.fr\/en\/realisations\/","og_site_name":"Renovation en Haute Savoie","article_publisher":"https:\/\/www.facebook.com\/Renov.Alpes.SARL","article_modified_time":"2023-01-08T07:38:13+00:00","twitter_card":"summary_large_image","twitter_misc":{"Est. reading time":"1 minute"},"schema":{"@context":"https:\/\/schema.org","@graph":[{"@type":"WebPage","@id":"https:\/\/renovation-haute-savoie.fr\/realisations\/","url":"https:\/\/renovation-haute-savoie.fr\/realisations\/","name":"R\u00e9alisations de R\u00e9nov'Alpes | Renovation en Haute Savoie (74)","isPartOf":{"@id":"https:\/\/renovation-haute-savoie.fr\/#website"},"datePublished":"2020-07-13T13:03:33+00:00","dateModified":"2023-01-08T07:38:13+00:00","description":"Les r\u00e9alisations R\u00e9nov'Alpes sur Chamonix, Les Houches. Nous sommes situ\u00e9 \u00e0 St Gervais les bains Le Fayet proche de Sallanches et Meg\u00e8ve.","breadcrumb":{"@id":"https:\/\/renovation-haute-savoie.fr\/realisations\/#breadcrumb"},"inLanguage":"en-US","potentialAction":[{"@type":"ReadAction","target":["https:\/\/renovation-haute-savoie.fr\/realisations\/"]}]},{"@type":"BreadcrumbList","@id":"https:\/\/renovation-haute-savoie.fr\/realisations\/#breadcrumb","itemListElement":[{"@type":"ListItem","position":1,"name":"Accueil","item":"https:\/\/renovation-haute-savoie.fr\/"},{"@type":"ListItem","position":2,"name":"R\u00e9alisations"}]},{"@type":"WebSite","@id":"https:\/\/renovation-haute-savoie.fr\/#website","url":"https:\/\/renovation-haute-savoie.fr\/","name":"Renovation en Haute Savoie","description":"Renovalpes","publisher":{"@id":"https:\/\/renovation-haute-savoie.fr\/#organization"},"alternateName":"Renovalpes","potentialAction":[{"@type":"SearchAction","target":{"@type":"EntryPoint","urlTemplate":"https:\/\/renovation-haute-savoie.fr\/?s={search_term_string}"},"query-input":"required name=search_term_string"}],"inLanguage":"en-US"},{"@type":"Organization","@id":"https:\/\/renovation-haute-savoie.fr\/#organization","name":"Renovation en Haute Savoie","alternateName":"Renov'Alpes","url":"https:\/\/renovation-haute-savoie.fr\/","logo":{"@type":"ImageObject","inLanguage":"en-US","@id":"https:\/\/renovation-haute-savoie.fr\/#\/schema\/logo\/image\/","url":"https:\/\/renovation-haute-savoie.fr\/wp-content\/uploads\/2022\/12\/logo_renovalpes_texte.png","contentUrl":"https:\/\/renovation-haute-savoie.fr\/wp-content\/uploads\/2022\/12\/logo_renovalpes_texte.png","width":2594,"height":1909,"caption":"Renovation en Haute Savoie"},"image":{"@id":"https:\/\/renovation-haute-savoie.fr\/#\/schema\/logo\/image\/"},"sameAs":["https:\/\/www.facebook.com\/Renov.Alpes.SARL"]}]}},"_links":{"self":[{"href":"https:\/\/renovation-haute-savoie.fr\/en\/wp-json\/wp\/v2\/pages\/698"}],"collection":[{"href":"https:\/\/renovation-haute-savoie.fr\/en\/wp-json\/wp\/v2\/pages"}],"about":[{"href":"https:\/\/renovation-haute-savoie.fr\/en\/wp-json\/wp\/v2\/types\/page"}],"author":[{"embeddable":true,"href":"https:\/\/renovation-haute-savoie.fr\/en\/wp-json\/wp\/v2\/users\/1"}],"replies":[{"embeddable":true,"href":"https:\/\/renovation-haute-savoie.fr\/en\/wp-json\/wp\/v2\/comments?post=698"}],"version-history":[{"count":19,"href":"https:\/\/renovation-haute-savoie.fr\/en\/wp-json\/wp\/v2\/pages\/698\/revisions"}],"predecessor-version":[{"id":223537,"href":"https:\/\/renovation-haute-savoie.fr\/en\/wp-json\/wp\/v2\/pages\/698\/revisions\/223537"}],"wp:attachment":[{"href":"https:\/\/renovation-haute-savoie.fr\/en\/wp-json\/wp\/v2\/media?parent=698"}],"curies":[{"name":"wp","href":"https:\/\/api.w.org\/{rel}","templated":true}]}}