{"id":700,"date":"2020-07-13T15:03:44","date_gmt":"2020-07-13T13:03:44","guid":{"rendered":"http:\/\/demos.upperthemes.com\/alma\/onepage3\/?page_id=700"},"modified":"2024-03-18T09:21:13","modified_gmt":"2024-03-18T08:21:13","slug":"contact-renovalpes","status":"publish","type":"page","link":"https:\/\/renovation-haute-savoie.fr\/en\/contact-renovalpes\/","title":{"rendered":"Contact"},"content":{"rendered":"<div class=\"wpb-content-wrapper\"><div data-vc-full-width=\"true\" data-vc-full-width-init=\"false\" class=\"vc_row wpb_row vc_row-fluid vc_row-o-full-height vc_row-o-columns-middle vc_row-flex\"><div class=\"wpb_animate_when_almost_visible wpb_fadeInUp fadeInUp wpb_column vc_column_container vc_col-sm-12\"><div class=\"vc_column-inner\"><div class=\"wpb_wrapper\"><div class=\"vc_row wpb_row vc_inner vc_row-fluid\"><div class=\"wpb_column vc_column_container vc_col-sm-12\"><div class=\"vc_column-inner\"><div class=\"wpb_wrapper\"><div class=\"vc_empty_space\"   style=\"height: 72px\"><span class=\"vc_empty_space_inner\"><\/span><\/div>\n<div class=\"wpcf7 no-js\" id=\"wpcf7-f246-o1\" lang=\"en-US\" dir=\"ltr\">\n<div class=\"screen-reader-response\"><p role=\"status\" aria-live=\"polite\" aria-atomic=\"true\"><\/p> <ul><\/ul><\/div>\n<form action=\"\/en\/wp-json\/wp\/v2\/pages\/700#wpcf7-f246-o1\" method=\"post\" class=\"wpcf7-form init\" aria-label=\"Contact form\" novalidate=\"novalidate\" data-status=\"init\" data-trp-original-action=\"\/en\/wp-json\/wp\/v2\/pages\/700#wpcf7-f246-o1\">\n<div style=\"display: none;\">\n<input type=\"hidden\" name=\"_wpcf7\" value=\"246\" \/>\n<input type=\"hidden\" name=\"_wpcf7_version\" value=\"5.9.3\" \/>\n<input type=\"hidden\" name=\"_wpcf7_locale\" value=\"en_US\" \/>\n<input type=\"hidden\" name=\"_wpcf7_unit_tag\" value=\"wpcf7-f246-o1\" \/>\n<input type=\"hidden\" name=\"_wpcf7_container_post\" value=\"0\" \/>\n<input type=\"hidden\" name=\"_wpcf7_posted_data_hash\" value=\"\" \/>\n<\/div>\n<div class=\"alma-form-simple\">\n\t<div class=\"f-name\">\n\t\t<p><span class=\"wpcf7-form-control-wrap\" data-name=\"your-name\"><input size=\"40\" class=\"wpcf7-form-control wpcf7-text wpcf7-validates-as-required\" aria-required=\"true\" aria-invalid=\"false\" placeholder=\"Name*\" value=\"\" type=\"text\" name=\"your-name\" \/><\/span>\n\t\t<\/p>\n\t<\/div>\n\t<div class=\"f-email\">\n\t\t<p><span class=\"wpcf7-form-control-wrap\" data-name=\"your-email\"><input size=\"40\" class=\"wpcf7-form-control wpcf7-email wpcf7-validates-as-required wpcf7-text wpcf7-validates-as-email\" aria-required=\"true\" aria-invalid=\"false\" placeholder=\"Email *\" value=\"\" type=\"email\" name=\"your-email\" \/><\/span>\n\t\t<\/p>\n\t<\/div>\n\t<div class=\"f-subject\">\n\t\t<p><span class=\"wpcf7-form-control-wrap\" data-name=\"your-subject\"><input size=\"40\" class=\"wpcf7-form-control wpcf7-text\" aria-invalid=\"false\" placeholder=\"Subject\" value=\"\" type=\"text\" name=\"your-subject\" \/><\/span>\n\t\t<\/p>\n\t<\/div>\n\t<div class=\"f-message\">\n\t\t<p><span class=\"wpcf7-form-control-wrap\" data-name=\"your-message\"><textarea cols=\"40\" rows=\"10\" class=\"wpcf7-form-control wpcf7-textarea wpcf7-validates-as-required\" aria-required=\"true\" aria-invalid=\"false\" placeholder=\"Message *\" name=\"your-message\"><\/textarea><\/span>\n\t\t<\/p>\n\t<\/div>\n\t<div class=\"f-name f-quiz\">\n\t\t<p>Antispam: <span class=\"wpcf7-form-control-wrap\" data-name=\"quiz-782\"><label><span class=\"wpcf7-quiz-label\">2 + 2 = ?<\/span> <input size=\"40\" class=\"wpcf7-form-control wpcf7-quiz\" autocomplete=\"off\" aria-required=\"true\" aria-invalid=\"false\" type=\"text\" name=\"quiz-782\" \/><\/label><input type=\"hidden\" name=\"_wpcf7_quiz_answer_quiz-782\" value=\"26f7cca986254c21b1b0108628700aff\" \/><\/span>\n\t\t<\/p>\n\t<\/div>\n\t<div class=\"bt-contact align-center\">\n\t\t<p><a><span><input class=\"wpcf7-form-control wpcf7-submit has-spinner\" type=\"submit\" value=\"SEND EMAIL\" \/><\/span><\/a>\n\t\t<\/p>\n\t<\/div>\n<\/div><div class=\"wpcf7-response-output\" aria-hidden=\"true\"><\/div>\n<input type=\"hidden\" name=\"trp-form-language\" value=\"en\"\/><\/form>\n<\/div>\n\n\t<div class=\"wpb_text_column wpb_content_element\" >\n\t\t<div class=\"wpb_wrapper\">\n\t\t\t<p><span style=\"color: #999999; font-size: 20px;\"><em>*mandatory contact data<\/em><\/span><\/p>\n\n\t\t<\/div>\n\t<\/div>\n<\/div><\/div><\/div><\/div><\/div><\/div><\/div><\/div><div class=\"vc_row-full-width vc_clearfix\"><\/div><!-- Row Backgrounds --><div class=\"upb_bg_img\" data-ultimate-bg=\"url(https:\/\/renovation-haute-savoie.fr\/wp-content\/uploads\/2022\/12\/PIOLET-2_bw.jpg)\" data-image-id=\"id^223187|url^https:\/\/renovation-haute-savoie.fr\/wp-content\/uploads\/2022\/12\/PIOLET-2_bw.jpg|caption^Chambre \u00e0 l&#039;int\u00e9rieur de la maison Piolet|alt^maison piolet chamonix|title^Maison piolet|description^Chambre \u00e0 l&#039;int\u00e9rieur de la maison Piolet \u00e0 Chamonix en Haute Savoie\" data-ultimate-bg-style=\"vcpb-default\" data-bg-img-repeat=\"no-repeat\" data-bg-img-size=\"cover\" data-bg-img-position=\"\" data-parallx_sense=\"30\" data-bg-override=\"ex-full\" data-bg_img_attach=\"scroll\" data-upb-overlay-color=\"rgba(0,0,0,0.35)\" data-upb-bg-animation=\"\" data-fadeout=\"\" data-bg-animation=\"left-animation\" data-bg-animation-type=\"h\" data-animation-repeat=\"repeat\" data-fadeout-percentage=\"30\" data-parallax-content=\"\" data-parallax-content-sense=\"30\" data-row-effect-mobile-disable=\"true\" data-img-parallax-mobile-disable=\"true\" data-rtl=\"false\"  data-custom-vc-row=\"\"  data-vc=\"7.5.1\"  data-is_old_vc=\"\"  data-theme-support=\"\"   data-overlay=\"true\" data-overlay-color=\"rgba(0,0,0,0.35)\" data-overlay-pattern=\"\" data-overlay-pattern-opacity=\"0.8\" data-overlay-pattern-size=\"\" data-overlay-pattern-attachment=\"scroll\"    ><\/div>\n<\/div>","protected":false},"excerpt":{"rendered":"<p>\t\tAntispam: 4 x 2 = ? <\/p>\n<p>\t\t\t*mandatory contact data<\/p>","protected":false},"author":1,"featured_media":223139,"parent":0,"menu_order":0,"comment_status":"closed","ping_status":"closed","template":"page.php","meta":{"footnotes":""},"yoast_head":"<!-- This site is optimized with the Yoast SEO plugin v22.3 - https:\/\/yoast.com\/wordpress\/plugins\/seo\/ -->\n<title>Contact Renovalpes<\/title>\n<meta name=\"description\" content=\"Demander un devis, une information \u00e0 Renovalpes, r\u00e9novation en Haute Savoie.\" \/>\n<meta name=\"robots\" content=\"index, follow, max-snippet:-1, max-image-preview:large, max-video-preview:-1\" \/>\n<link rel=\"canonical\" href=\"https:\/\/renovation-haute-savoie.fr\/en\/contact-renovalpes\/\" \/>\n<meta property=\"og:locale\" content=\"en_US\" \/>\n<meta property=\"og:type\" content=\"article\" \/>\n<meta property=\"og:title\" content=\"Contact Renovalpes\" \/>\n<meta property=\"og:description\" content=\"Demander un devis, une information \u00e0 Renovalpes, r\u00e9novation en Haute Savoie.\" \/>\n<meta property=\"og:url\" content=\"https:\/\/renovation-haute-savoie.fr\/en\/contact-renovalpes\/\" \/>\n<meta property=\"og:site_name\" content=\"Renovation en Haute Savoie\" \/>\n<meta property=\"article:publisher\" content=\"https:\/\/www.facebook.com\/Renov.Alpes.SARL\" \/>\n<meta property=\"article:modified_time\" content=\"2024-03-18T08:21:13+00:00\" \/>\n<meta property=\"og:image\" content=\"https:\/\/renovation-haute-savoie.fr\/wp-content\/uploads\/2020\/06\/PERIADES-6.jpg\" \/>\n\t<meta property=\"og:image:width\" content=\"1200\" \/>\n\t<meta property=\"og:image:height\" content=\"798\" \/>\n\t<meta property=\"og:image:type\" content=\"image\/jpeg\" \/>\n<meta name=\"twitter:card\" content=\"summary_large_image\" \/>\n<meta name=\"twitter:label1\" content=\"Est. reading time\" \/>\n\t<meta name=\"twitter:data1\" content=\"1 minute\" \/>\n<script type=\"application\/ld+json\" class=\"yoast-schema-graph\">{\"@context\":\"https:\/\/schema.org\",\"@graph\":[{\"@type\":[\"WebPage\",\"ContactPage\"],\"@id\":\"https:\/\/renovation-haute-savoie.fr\/contact-renovalpes\/\",\"url\":\"https:\/\/renovation-haute-savoie.fr\/contact-renovalpes\/\",\"name\":\"Contact Renovalpes\",\"isPartOf\":{\"@id\":\"https:\/\/renovation-haute-savoie.fr\/#website\"},\"primaryImageOfPage\":{\"@id\":\"https:\/\/renovation-haute-savoie.fr\/contact-renovalpes\/#primaryimage\"},\"image\":{\"@id\":\"https:\/\/renovation-haute-savoie.fr\/contact-renovalpes\/#primaryimage\"},\"thumbnailUrl\":\"https:\/\/renovation-haute-savoie.fr\/wp-content\/uploads\/2020\/06\/PERIADES-6.jpg\",\"datePublished\":\"2020-07-13T13:03:44+00:00\",\"dateModified\":\"2024-03-18T08:21:13+00:00\",\"description\":\"Demander un devis, une information \u00e0 Renovalpes, r\u00e9novation en Haute Savoie.\",\"breadcrumb\":{\"@id\":\"https:\/\/renovation-haute-savoie.fr\/contact-renovalpes\/#breadcrumb\"},\"inLanguage\":\"en-US\",\"potentialAction\":[{\"@type\":\"ReadAction\",\"target\":[\"https:\/\/renovation-haute-savoie.fr\/contact-renovalpes\/\"]}]},{\"@type\":\"ImageObject\",\"inLanguage\":\"en-US\",\"@id\":\"https:\/\/renovation-haute-savoie.fr\/contact-renovalpes\/#primaryimage\",\"url\":\"https:\/\/renovation-haute-savoie.fr\/wp-content\/uploads\/2020\/06\/PERIADES-6.jpg\",\"contentUrl\":\"https:\/\/renovation-haute-savoie.fr\/wp-content\/uploads\/2020\/06\/PERIADES-6.jpg\",\"width\":1200,\"height\":798,\"caption\":\"Douche de l'appartement Periades \u00e0 Chamonix\"},{\"@type\":\"BreadcrumbList\",\"@id\":\"https:\/\/renovation-haute-savoie.fr\/contact-renovalpes\/#breadcrumb\",\"itemListElement\":[{\"@type\":\"ListItem\",\"position\":1,\"name\":\"Accueil\",\"item\":\"https:\/\/renovation-haute-savoie.fr\/\"},{\"@type\":\"ListItem\",\"position\":2,\"name\":\"Contact\"}]},{\"@type\":\"WebSite\",\"@id\":\"https:\/\/renovation-haute-savoie.fr\/#website\",\"url\":\"https:\/\/renovation-haute-savoie.fr\/\",\"name\":\"Renovation en Haute Savoie\",\"description\":\"Renovalpes\",\"publisher\":{\"@id\":\"https:\/\/renovation-haute-savoie.fr\/#organization\"},\"alternateName\":\"Renovalpes\",\"potentialAction\":[{\"@type\":\"SearchAction\",\"target\":{\"@type\":\"EntryPoint\",\"urlTemplate\":\"https:\/\/renovation-haute-savoie.fr\/?s={search_term_string}\"},\"query-input\":\"required name=search_term_string\"}],\"inLanguage\":\"en-US\"},{\"@type\":\"Organization\",\"@id\":\"https:\/\/renovation-haute-savoie.fr\/#organization\",\"name\":\"Renovation en Haute Savoie\",\"alternateName\":\"Renov'Alpes\",\"url\":\"https:\/\/renovation-haute-savoie.fr\/\",\"logo\":{\"@type\":\"ImageObject\",\"inLanguage\":\"en-US\",\"@id\":\"https:\/\/renovation-haute-savoie.fr\/#\/schema\/logo\/image\/\",\"url\":\"https:\/\/renovation-haute-savoie.fr\/wp-content\/uploads\/2022\/12\/logo_renovalpes_texte.png\",\"contentUrl\":\"https:\/\/renovation-haute-savoie.fr\/wp-content\/uploads\/2022\/12\/logo_renovalpes_texte.png\",\"width\":2594,\"height\":1909,\"caption\":\"Renovation en Haute Savoie\"},\"image\":{\"@id\":\"https:\/\/renovation-haute-savoie.fr\/#\/schema\/logo\/image\/\"},\"sameAs\":[\"https:\/\/www.facebook.com\/Renov.Alpes.SARL\"]}]}<\/script>\n<!-- \/ Yoast SEO plugin. -->","yoast_head_json":{"title":"Contact Renovalpes","description":"Demander un devis, une information \u00e0 Renovalpes, r\u00e9novation en Haute Savoie.","robots":{"index":"index","follow":"follow","max-snippet":"max-snippet:-1","max-image-preview":"max-image-preview:large","max-video-preview":"max-video-preview:-1"},"canonical":"https:\/\/renovation-haute-savoie.fr\/en\/contact-renovalpes\/","og_locale":"en_US","og_type":"article","og_title":"Contact Renovalpes","og_description":"Demander un devis, une information \u00e0 Renovalpes, r\u00e9novation en Haute Savoie.","og_url":"https:\/\/renovation-haute-savoie.fr\/en\/contact-renovalpes\/","og_site_name":"Renovation en Haute Savoie","article_publisher":"https:\/\/www.facebook.com\/Renov.Alpes.SARL","article_modified_time":"2024-03-18T08:21:13+00:00","og_image":[{"width":1200,"height":798,"url":"https:\/\/renovation-haute-savoie.fr\/wp-content\/uploads\/2020\/06\/PERIADES-6.jpg","type":"image\/jpeg"}],"twitter_card":"summary_large_image","twitter_misc":{"Est. reading time":"1 minute"},"schema":{"@context":"https:\/\/schema.org","@graph":[{"@type":["WebPage","ContactPage"],"@id":"https:\/\/renovation-haute-savoie.fr\/contact-renovalpes\/","url":"https:\/\/renovation-haute-savoie.fr\/contact-renovalpes\/","name":"Contact Renovalpes","isPartOf":{"@id":"https:\/\/renovation-haute-savoie.fr\/#website"},"primaryImageOfPage":{"@id":"https:\/\/renovation-haute-savoie.fr\/contact-renovalpes\/#primaryimage"},"image":{"@id":"https:\/\/renovation-haute-savoie.fr\/contact-renovalpes\/#primaryimage"},"thumbnailUrl":"https:\/\/renovation-haute-savoie.fr\/wp-content\/uploads\/2020\/06\/PERIADES-6.jpg","datePublished":"2020-07-13T13:03:44+00:00","dateModified":"2024-03-18T08:21:13+00:00","description":"Demander un devis, une information \u00e0 Renovalpes, r\u00e9novation en Haute Savoie.","breadcrumb":{"@id":"https:\/\/renovation-haute-savoie.fr\/contact-renovalpes\/#breadcrumb"},"inLanguage":"en-US","potentialAction":[{"@type":"ReadAction","target":["https:\/\/renovation-haute-savoie.fr\/contact-renovalpes\/"]}]},{"@type":"ImageObject","inLanguage":"en-US","@id":"https:\/\/renovation-haute-savoie.fr\/contact-renovalpes\/#primaryimage","url":"https:\/\/renovation-haute-savoie.fr\/wp-content\/uploads\/2020\/06\/PERIADES-6.jpg","contentUrl":"https:\/\/renovation-haute-savoie.fr\/wp-content\/uploads\/2020\/06\/PERIADES-6.jpg","width":1200,"height":798,"caption":"Douche de l'appartement Periades \u00e0 Chamonix"},{"@type":"BreadcrumbList","@id":"https:\/\/renovation-haute-savoie.fr\/contact-renovalpes\/#breadcrumb","itemListElement":[{"@type":"ListItem","position":1,"name":"Accueil","item":"https:\/\/renovation-haute-savoie.fr\/"},{"@type":"ListItem","position":2,"name":"Contact"}]},{"@type":"WebSite","@id":"https:\/\/renovation-haute-savoie.fr\/#website","url":"https:\/\/renovation-haute-savoie.fr\/","name":"Renovation en Haute Savoie","description":"Renovalpes","publisher":{"@id":"https:\/\/renovation-haute-savoie.fr\/#organization"},"alternateName":"Renovalpes","potentialAction":[{"@type":"SearchAction","target":{"@type":"EntryPoint","urlTemplate":"https:\/\/renovation-haute-savoie.fr\/?s={search_term_string}"},"query-input":"required name=search_term_string"}],"inLanguage":"en-US"},{"@type":"Organization","@id":"https:\/\/renovation-haute-savoie.fr\/#organization","name":"Renovation en Haute Savoie","alternateName":"Renov'Alpes","url":"https:\/\/renovation-haute-savoie.fr\/","logo":{"@type":"ImageObject","inLanguage":"en-US","@id":"https:\/\/renovation-haute-savoie.fr\/#\/schema\/logo\/image\/","url":"https:\/\/renovation-haute-savoie.fr\/wp-content\/uploads\/2022\/12\/logo_renovalpes_texte.png","contentUrl":"https:\/\/renovation-haute-savoie.fr\/wp-content\/uploads\/2022\/12\/logo_renovalpes_texte.png","width":2594,"height":1909,"caption":"Renovation en Haute Savoie"},"image":{"@id":"https:\/\/renovation-haute-savoie.fr\/#\/schema\/logo\/image\/"},"sameAs":["https:\/\/www.facebook.com\/Renov.Alpes.SARL"]}]}},"_links":{"self":[{"href":"https:\/\/renovation-haute-savoie.fr\/en\/wp-json\/wp\/v2\/pages\/700"}],"collection":[{"href":"https:\/\/renovation-haute-savoie.fr\/en\/wp-json\/wp\/v2\/pages"}],"about":[{"href":"https:\/\/renovation-haute-savoie.fr\/en\/wp-json\/wp\/v2\/types\/page"}],"author":[{"embeddable":true,"href":"https:\/\/renovation-haute-savoie.fr\/en\/wp-json\/wp\/v2\/users\/1"}],"replies":[{"embeddable":true,"href":"https:\/\/renovation-haute-savoie.fr\/en\/wp-json\/wp\/v2\/comments?post=700"}],"version-history":[{"count":41,"href":"https:\/\/renovation-haute-savoie.fr\/en\/wp-json\/wp\/v2\/pages\/700\/revisions"}],"predecessor-version":[{"id":223551,"href":"https:\/\/renovation-haute-savoie.fr\/en\/wp-json\/wp\/v2\/pages\/700\/revisions\/223551"}],"wp:featuredmedia":[{"embeddable":true,"href":"https:\/\/renovation-haute-savoie.fr\/en\/wp-json\/wp\/v2\/media\/223139"}],"wp:attachment":[{"href":"https:\/\/renovation-haute-savoie.fr\/en\/wp-json\/wp\/v2\/media?parent=700"}],"curies":[{"name":"wp","href":"https:\/\/api.w.org\/{rel}","templated":true}]}}